{"id":100,"date":"2019-10-27T22:48:18","date_gmt":"2019-10-27T21:48:18","guid":{"rendered":"https:\/\/sp17.pl\/?page_id=100"},"modified":"2025-12-15T11:28:47","modified_gmt":"2025-12-15T10:28:47","slug":"dokumenty-szkolne","status":"publish","type":"page","link":"https:\/\/sp17.pl\/?page_id=100","title":{"rendered":"Dokumenty szkolne i Regulaminy"},"content":{"rendered":"<h5>OCENIANIE KSZTA\u0141TUJ\u0104CE &#8211; SZCZEG\u00d3\u0141OWE WARUNKI i SPOS\u00d3B OCENIANIA WEWN\u0104TRZSZKOLNEGO W KLASACH I-III w SZKOLE PODSTAWOWEJ nr 17 w ZIELONEJ G\u00d3RZE <a href=\"https:\/\/drive.google.com\/file\/d\/1fYg7hWS_EUn_TsCeA6Stexfnw83oNmID\/view?usp=sharing\">Pobierz<\/a><\/h5>\n<h5>&nbsp;<\/h5>\n<h5>OCENIANIE KSZTA\u0141TUJ\u0104CE &#8211; STA\u0141E KRYTERIA SUKCESU DLA KLAS I &#8211; III do SZCZEG\u00d3\u0141OWYCH WARUNK\u00d3W i SPOSOBU OCENIANIA WEWN\u0104TRZSZKOLNEGO&nbsp; <a href=\"https:\/\/drive.google.com\/file\/d\/1qjiAoa0Ix89Ooz_KeHWPXsMPMqgJCJUC\/view?usp=sharing\">Pobierz<\/a><\/h5>\n<h5>&nbsp;<\/h5>\n<h5>SPOTKANIA TR\u00d3JSTRONNE <span style=\"font-size: revert; color: #334155;\">&#8211; DEFINICJA, CEL I ZASADY ORGANIZACJI, PROPONOWANY PRZEBIEG SPOTKANIA <a href=\"https:\/\/drive.google.com\/file\/d\/11yUb6L6T-0pIi4WBjDGsspzHfVmFHkOu\/view?usp=sharing\">Pobierz<\/a><\/span><\/h5>\n<h5>&nbsp;<\/h5>\n<h5>ZASADY OCENIANIA W SZKOLE PODSTAWOWEJ nr 17 W ZIELONEJ G\u00d3RZE <a href=\"https:\/\/drive.google.com\/file\/d\/1nAvdjnS4BQ51TxycsZLy49cUlhj2gDBD\/view?usp=sharing\">Pobierz<\/a><\/h5>\n<h5>&nbsp;<\/h5>\n<h5>REGULAMIN DOT. WYPO\u017bYCZANIA PODR\u0118CZNIK\u00d3W I UDOST\u0118PNIANIA \u0106WICZE\u0143 (MATERIA\u0141\u00d3W EDUKACYJNYCH) UCZNIOM W SZKOLE PODSTAWOWEJ NR 17 W ZIELONEJ G\u00d3RZE &#8211; 2024-2025 <a href=\"https:\/\/drive.google.com\/file\/d\/1He66fPWbjAVaMQePDJS4UvngRSwR4nGy\/view?usp=sharing\">Pobierz<\/a><\/h5>\n<h5>&nbsp;<\/h5>\n<h5>REGULAMIN DOT. UDZIA\u0141U W ZAJ\u0118CIACH SPECJALISTYCZNYCH <a href=\"https:\/\/drive.google.com\/file\/d\/1IywGCvmJkTk7DHyrzx5r5tWIgxFDWIIZ\/view?usp=sharing\">Pobierz<\/a><\/h5>\n<h5>&nbsp;<\/h5>\n<h5>STANDARDY OCHRONY MA\u0141OLETNICH OBOWI\u0104ZUJ\u0104CE W ZESPOLE EDUKACYJNYM NR 2,&nbsp; SZKOLE PODSTAWOWEJ NR 17 W ZIELONEJ G\u00d3RZE&nbsp; <a href=\"https:\/\/drive.google.com\/file\/d\/1XNAmpcPaJ9blu_cNtCN4VWDBTyI71j26\/view?usp=sharing\">Pobierz<\/a><\/h5>\n<h5>&nbsp;<\/h5>\n<h5 style=\"font-style: normal; white-space-collapse: collapse;\">WNIOSEK O WYDANIE OPINII O UCZNIU<a role=\"button\" href=\"https:\/\/drive.google.com\/file\/d\/1fUxBeGhk0NKZgC51gntFJX-vDGkO3iIu\/view?usp=sharing\"><br \/>\nPobierz<br \/>\n<\/a><\/h5>\n<h5>&nbsp;<\/h5>\n<h5 style=\"font-style: normal; white-space-collapse: collapse;\">PROGRAM WYCHOWAWCZO PROFILAKTYCZNY SZKO\u0141Y PODSTAWOWEJ NR 17 W ZIELONEJ G\u00d3RZE 2023\/2024<a role=\"button\" href=\"https:\/\/drive.google.com\/file\/d\/1AN37oSesNQ_W1Z2LsB9gQGstMUIKCxXI\/view?usp=sharing\"><br \/>\nPobierz<br \/>\n<\/a><\/h5>\n<h5>&nbsp;<\/h5>\n<h5 style=\"font-style: normal; white-space-collapse: collapse;\">STATUT 2022<a role=\"button\" href=\"https:\/\/sp17.pl\/wp-content\/uploads\/2022\/12\/STATUT-2022.pdf\"><br \/>\nPobierz<br \/>\n<\/a><\/h5>\n<h5>&nbsp;<\/h5>\n<h5 style=\"font-style: normal; white-space-collapse: collapse;\">REGULAMIN DZIENNIKA ELEKTRONICZNEGO<a role=\"button\" href=\"https:\/\/drive.google.com\/file\/d\/1laoNG3vNmRom_MVrU3DvPEJELqGHrUFV\/view?usp=sharing\"><br \/>\nPobierz<br \/>\n<\/a><\/h5>\n<p>&nbsp;<\/p>\n<h5 style=\"font-style: normal; white-space-collapse: collapse;\">SYSTEM ZASAD ZACHOWANIA I KONSEKWENCJI ICH NIEPRZESTRZEGANIA&nbsp; (31.08.23)<a role=\"button\" href=\"https:\/\/drive.google.com\/file\/d\/1RbkFafSOKGqSMELjVLOcmh6ciWXAY1_3\/view?usp=sharing\"><br \/>\nPobierz<br \/>\n<\/a><\/h5>\n<h5>&nbsp;<\/h5>\n<h5 style=\"font-style: normal; white-space-collapse: collapse;\">REGULAMIN WYCIECZEK W SP 17<a role=\"button\" href=\"https:\/\/drive.google.com\/file\/d\/1aYjtm_jOYivsYiQw1_pmELAomnBNJUr7\/view?usp=sharing\"><br \/>\nPobierz<br \/>\n<\/a><\/h5>\n<h5>&nbsp;<\/h5>\n<h5 style=\"font-style: normal; white-space-collapse: collapse;\">REGULAMIN PRZYZNAWANIA SZKOLNYCH ODZNACZE\u0143 ABSOLWENTOM SZKO\u0141Y PODSTAWOWEJ NR 17<a role=\"button\" href=\"https:\/\/drive.google.com\/file\/d\/181b4O4jsYqW6btXWw7D2j503WUWz2eu8\/view?usp=sharing\"><br \/>\nPobierz<br \/>\n<\/a><\/h5>\n<h5>&nbsp;<\/h5>\n<h5 style=\"font-style: normal; white-space-collapse: collapse;\">REGULAMIN SZATNI GIMNASTYCZNEJ <a role=\"button\" href=\"https:\/\/drive.google.com\/file\/d\/1CTswgsqJ8uol2DUU5qiBruHKeYiDqige\/view?usp=sharing\">Pobierz<br \/>\n<\/a><\/h5>\n<h5>&nbsp;<\/h5>\n<h5 style=\"font-style: normal; white-space-collapse: collapse;\">REGULAMIN WYPO\u017bYCZANIA<br \/>\ni udost\u0119pniana podr\u0119cznik\u00f3w i \u0107wicze\u0144 (materia\u0142\u00f3w edukacyjnych) uczniom w Szkole Podstawowej nr 17<br \/>\nw Zielonej G\u00f3rze &#8211; 2022\/2023 <a role=\"button\" href=\"https:\/\/drive.google.com\/file\/d\/12HvgfqsbBJdeSjaOhJfwIlraooCGmWN9\/view?usp=sharing\">Pobierz<br \/>\n<\/a><\/h5>\n<h5>&nbsp;<\/h5>\n<h5 style=\"font-style: normal; white-space-collapse: collapse;\">REGULAMIN prowadzenia dziennika elektronicznego w Zespole Edukacyjnym nr 2, Szko\u0142a Podstawowa nr 17&nbsp; w Zielonej G\u00f3rze<a role=\"button\" href=\"https:\/\/drive.google.com\/file\/d\/1zs67qgJWgJRB1isFyUVYEqm7-Q5DY4aP\/view?usp=sharing\"><br \/>\nPobierz<br \/>\n<\/a><\/h5>\n<h5>&nbsp;<\/h5>\n<h5 style=\"font-style: normal; white-space-collapse: collapse;\">REGULAMIN SZATNI SP 17<a role=\"button\" href=\"https:\/\/drive.google.com\/file\/d\/1oheFr-K7KAIiESPPiLvkcxWBAqIDZFZ2\/view?usp=sharing\"><br \/>\nPobierz<br \/>\n<\/a><\/h5>\n<p>&nbsp;<\/p>\n<h5 style=\"font-style: normal; white-space-collapse: collapse;\">REGULAMIN SALI GIMNASTYCZNEJ<a role=\"button\" href=\"https:\/\/drive.google.com\/file\/d\/1hdRvsQD7wslJ1cix_kpOeNNiZhtTuHFO\/view?usp=sharing\"><br \/>\nPobierz<br \/>\n<\/a><\/h5>\n<p>&nbsp;<\/p>\n<h5 style=\"font-style: normal; white-space-collapse: collapse;\">REGULAMIN FUNKCJONOWANIA \u015aWIETLICY Szko\u0142y Podstawowej nr 17<a role=\"button\" href=\"https:\/\/drive.google.com\/file\/d\/1C1q9oaILoyONZe1UK3UsM92VMr3uNE9C\/view?usp=sharing\"><br \/>\nPobierz<br \/>\n<\/a><\/h5>\n<p>&nbsp;<\/p>\n<h5 style=\"font-style: normal; white-space-collapse: collapse;\">REGULAMIN organizowania i prowadzenia zaj\u0119\u0107 z wykorzystaniem metod i technik kszta\u0142cenia na odleg\u0142o\u015b\u0107 w Zespole Edukacyjnym nr 2 w Zielonej G\u00f3rze<a role=\"button\" href=\"https:\/\/drive.google.com\/file\/d\/1CtIbSynVjwABDpnUWi6ZCGXNxGh5qJIo\/view?usp=sharing\"><br \/>\nPobierz<br \/>\n<\/a><\/h5>\n<h5>&nbsp;<\/h5>\n<h5 style=\"font-style: normal; white-space-collapse: collapse;\">PROCEDURY KORZYSTANIA Z TELEFON\u00d3W KOM\u00d3RKOWYCH I SPRZ\u0118TU ELEKTRONICZNEGO W SZKOLE PODSTAWOWEJ NR 17 W ZIELONEJ G\u00d3RZE<a role=\"button\" href=\"https:\/\/drive.google.com\/file\/d\/14Fdidbtdwe78BQTk3DjBC9ulg9zxJXDb\/view?usp=sharing\"><br \/>\nPobierz<br \/>\n<\/a><\/h5>\n<h5>&nbsp;<\/h5>\n<h5 style=\"font-style: normal; white-space-collapse: collapse;\">O\u015aWIADCZENIE &#8211; udost\u0119pnianie prac uczni\u00f3w<a role=\"button\" href=\"https:\/\/drive.google.com\/file\/d\/1V9SZNf65mgjy1W5Ww4E37Gd0L4Y0Js7A\/view?usp=sharing\"> Pobierz<br \/>\n<\/a><\/h5>\n<h5>&nbsp;<\/h5>\n<h5>PROCEDURA ZG\u0141ASZANIA WEWN\u0118TRZNYCH NARUSZE\u0143 PRAWA W ZESPOLE EDUKACYJNYM&nbsp; NR 2 W ZIELONEJ G\u00d3RZE <a role=\"button\" href=\"https:\/\/drive.google.com\/file\/d\/1Dk8dSK8INTSedKpVrsUEKiNRS8J79Je5\/view?usp=sharing\">Pobierz<\/a><\/h5>\n","protected":false},"excerpt":{"rendered":"<p>OCENIANIE KSZTA\u0141TUJ\u0104CE &#8211; SZCZEG\u00d3\u0141OWE WARUNKI i SPOS\u00d3B OCENIANIA WEWN\u0104TRZSZKOLNEGO W KLASACH I-III w SZKOLE PODSTAWOWEJ nr 17 w ZIELONEJ G\u00d3RZE Pobierz &nbsp; OCENIANIE KSZTA\u0141TUJ\u0104CE &#8211; STA\u0141E KRYTERIA SUKCESU DLA KLAS I &#8211; III do SZCZEG\u00d3\u0141OWYCH WARUNK\u00d3W i SPOSOBU OCENIANIA WEWN\u0104TRZSZKOLNEGO&nbsp; Pobierz &nbsp; SPOTKANIA TR\u00d3JSTRONNE &#8211; DEFINICJA, CEL I ZASADY ORGANIZACJI, PROPONOWANY PRZEBIEG SPOTKANIA Pobierz &nbsp; &hellip;<\/p>\n<p class=\"read-more\"> <a class=\"\" href=\"https:\/\/sp17.pl\/?page_id=100\"> <span class=\"screen-reader-text\">Dokumenty szkolne i Regulaminy<\/span> Czytaj wi\u0119cej<\/a><\/p>\n","protected":false},"author":1,"featured_media":0,"parent":0,"menu_order":3,"comment_status":"closed","ping_status":"closed","template":"","meta":{"ngg_post_thumbnail":0,"site-sidebar-layout":"default","site-content-layout":"","ast-site-content-layout":"","site-content-style":"default","site-sidebar-style":"default","ast-global-header-display":"","ast-banner-title-visibility":"","ast-main-header-display":"","ast-hfb-above-header-display":"","ast-hfb-below-header-display":"","ast-hfb-mobile-header-display":"","site-post-title":"","ast-breadcrumbs-content":"","ast-featured-img":"","footer-sml-layout":"","theme-transparent-header-meta":"","adv-header-id-meta":"","stick-header-meta":"","header-above-stick-meta":"","header-main-stick-meta":"","header-below-stick-meta":"","astra-migrate-meta-layouts":"default","ast-page-background-enabled":"default","ast-page-background-meta":{"desktop":{"background-color":"var(--ast-global-color-4)","background-image":"","background-repeat":"repeat","background-position":"center center","background-size":"auto","background-attachment":"scroll","background-type":"","background-media":"","overlay-type":"","overlay-color":"","overlay-gradient":""},"tablet":{"background-color":"","background-image":"","background-repeat":"repeat","background-position":"center center","background-size":"auto","background-attachment":"scroll","background-type":"","background-media":"","overlay-type":"","overlay-color":"","overlay-gradient":""},"mobile":{"background-color":"","background-image":"","background-repeat":"repeat","background-position":"center center","background-size":"auto","background-attachment":"scroll","background-type":"","background-media":"","overlay-type":"","overlay-color":"","overlay-gradient":""}},"ast-content-background-meta":{"desktop":{"background-color":"var(--ast-global-color-5)","background-image":"","background-repeat":"repeat","background-position":"center center","background-size":"auto","background-attachment":"scroll","background-type":"","background-media":"","overlay-type":"","overlay-color":"","overlay-gradient":""},"tablet":{"background-color":"var(--ast-global-color-5)","background-image":"","background-repeat":"repeat","background-position":"center center","background-size":"auto","background-attachment":"scroll","background-type":"","background-media":"","overlay-type":"","overlay-color":"","overlay-gradient":""},"mobile":{"background-color":"var(--ast-global-color-5)","background-image":"","background-repeat":"repeat","background-position":"center center","background-size":"auto","background-attachment":"scroll","background-type":"","background-media":"","overlay-type":"","overlay-color":"","overlay-gradient":""}},"footnotes":""},"_links":{"self":[{"href":"https:\/\/sp17.pl\/index.php?rest_route=\/wp\/v2\/pages\/100"}],"collection":[{"href":"https:\/\/sp17.pl\/index.php?rest_route=\/wp\/v2\/pages"}],"about":[{"href":"https:\/\/sp17.pl\/index.php?rest_route=\/wp\/v2\/types\/page"}],"author":[{"embeddable":true,"href":"https:\/\/sp17.pl\/index.php?rest_route=\/wp\/v2\/users\/1"}],"replies":[{"embeddable":true,"href":"https:\/\/sp17.pl\/index.php?rest_route=%2Fwp%2Fv2%2Fcomments&post=100"}],"version-history":[{"count":47,"href":"https:\/\/sp17.pl\/index.php?rest_route=\/wp\/v2\/pages\/100\/revisions"}],"predecessor-version":[{"id":12244,"href":"https:\/\/sp17.pl\/index.php?rest_route=\/wp\/v2\/pages\/100\/revisions\/12244"}],"wp:attachment":[{"href":"https:\/\/sp17.pl\/index.php?rest_route=%2Fwp%2Fv2%2Fmedia&parent=100"}],"curies":[{"name":"wp","href":"https:\/\/api.w.org\/{rel}","templated":true}]}}