{"id":108,"date":"2019-10-27T22:50:46","date_gmt":"2019-10-27T21:50:46","guid":{"rendered":"https:\/\/sp17.pl\/?page_id=108"},"modified":"2023-10-02T11:59:41","modified_gmt":"2023-10-02T09:59:41","slug":"warunki-ubezpieczenia","status":"publish","type":"page","link":"https:\/\/sp17.pl\/?page_id=108","title":{"rendered":"Warunki ubezpieczenia"},"content":{"rendered":"\n<p><\/p>\n\n\n\n<div>Rada Rodzic\u00f3w Szko\u0142y, po konsultacjach z przedstawicielami rodzic\u00f3w, wybra\u0142a dla Pa\u0144stwa ofert\u0119 ubezpieczeniow\u0105 na rok szkolny 2023\/2024.<br>&nbsp;&nbsp;<\/div>\n<div>W za\u0142. przesy\u0142amy ofert\u0119 ubezpieczenia dla uczni\u00f3w\/wychowank\u00f3w na kolejny rok szkolny.<\/div>\n<div>&nbsp;<\/div>\n<div><a href=\"https:\/\/drive.google.com\/file\/d\/1cBvGUFztg3Y8ONs9c_MNY4b1sjYs7RH2\/view?usp=sharing\">ULOTKA INFORMACYJNA-WYKAZ \u015aWIADCZE\u0143 DLA POSZCZEG\u00d3LNYCH SK\u0141ADEK<\/a><br><br>&nbsp;<a href=\"https:\/\/drive.google.com\/file\/d\/1ZCa8IG6ww0agZ8VZz0rLiXbliPPR0DXO\/view?usp=sharing\" target=\"_blank\" rel=\"noopener noreferrer\">WARUNKI UBEZPIECZENIA<\/a><\/div>\n<div>&nbsp;<\/div>\n<div>&nbsp;<\/div>\n<div>Dane rachunku do wp\u0142aty za ubezpieczenie Nast\u0119pstw Nieszcz\u0119\u015bliwych Wypadk\u00f3w.<\/div>\n<div>BANK PEKAO S.A.<\/div>\n<div>\n<p style=\"font-weight: 400;\">W\u0141A\u015aCICIEL KONTA : MICHA\u0141 KULCZY\u0143SKI BROKERSKIE BIURO UBEZPIECZE\u0143<\/p>\n<p style=\"font-weight: 400;\">NR KONTA:&nbsp;<strong>48 1240 6843 1111 0011 2965 9098<\/strong><\/p>\n<p style=\"font-weight: 400;\">TYTU\u0141EM PRZELEWU :UBEZPIECZENIE NNW SZKOLNE nr EDU-A\/P \u2026\u2026\u2026\u2026\u2026.., IMI\u0118 I NAZWISKO DZIECKA\u2026\u2026\u2026\u2026\u2026\u2026\u2026\u2026\u2026<\/p>\n<\/div>\n<div>Nr polisy na ulotce informacyjnej, powy\u017cej wybranego wariantu polisy.<\/div>\n\n\n\n<p><\/p>\n","protected":false},"excerpt":{"rendered":"<p>Rada Rodzic\u00f3w Szko\u0142y, po konsultacjach z przedstawicielami rodzic\u00f3w, wybra\u0142a dla Pa\u0144stwa ofert\u0119 ubezpieczeniow\u0105 na rok szkolny 2023\/2024.&nbsp;&nbsp; W za\u0142. przesy\u0142amy ofert\u0119 ubezpieczenia dla uczni\u00f3w\/wychowank\u00f3w na kolejny rok szkolny. &nbsp; ULOTKA INFORMACYJNA-WYKAZ \u015aWIADCZE\u0143 DLA POSZCZEG\u00d3LNYCH SK\u0141ADEK &nbsp;WARUNKI UBEZPIECZENIA &nbsp; &nbsp; Dane rachunku do wp\u0142aty za ubezpieczenie Nast\u0119pstw Nieszcz\u0119\u015bliwych Wypadk\u00f3w. BANK PEKAO S.A. W\u0141A\u015aCICIEL KONTA : MICHA\u0141 &hellip;<\/p>\n<p class=\"read-more\"> <a class=\"\" href=\"https:\/\/sp17.pl\/?page_id=108\"> <span class=\"screen-reader-text\">Warunki ubezpieczenia<\/span> Czytaj wi\u0119cej<\/a><\/p>\n","protected":false},"author":1,"featured_media":0,"parent":0,"menu_order":6,"comment_status":"closed","ping_status":"closed","template":"","meta":{"ngg_post_thumbnail":0,"site-sidebar-layout":"default","site-content-layout":"","ast-site-content-layout":"","site-content-style":"default","site-sidebar-style":"default","ast-global-header-display":"","ast-banner-title-visibility":"","ast-main-header-display":"","ast-hfb-above-header-display":"","ast-hfb-below-header-display":"","ast-hfb-mobile-header-display":"","site-post-title":"","ast-breadcrumbs-content":"","ast-featured-img":"","footer-sml-layout":"","theme-transparent-header-meta":"","adv-header-id-meta":"","stick-header-meta":"","header-above-stick-meta":"","header-main-stick-meta":"","header-below-stick-meta":"","astra-migrate-meta-layouts":"default","ast-page-background-enabled":"default","ast-page-background-meta":{"desktop":{"background-color":"var(--ast-global-color-4)","background-image":"","background-repeat":"repeat","background-position":"center center","background-size":"auto","background-attachment":"scroll","background-type":"","background-media":"","overlay-type":"","overlay-color":"","overlay-gradient":""},"tablet":{"background-color":"","background-image":"","background-repeat":"repeat","background-position":"center center","background-size":"auto","background-attachment":"scroll","background-type":"","background-media":"","overlay-type":"","overlay-color":"","overlay-gradient":""},"mobile":{"background-color":"","background-image":"","background-repeat":"repeat","background-position":"center center","background-size":"auto","background-attachment":"scroll","background-type":"","background-media":"","overlay-type":"","overlay-color":"","overlay-gradient":""}},"ast-content-background-meta":{"desktop":{"background-color":"var(--ast-global-color-5)","background-image":"","background-repeat":"repeat","background-position":"center center","background-size":"auto","background-attachment":"scroll","background-type":"","background-media":"","overlay-type":"","overlay-color":"","overlay-gradient":""},"tablet":{"background-color":"var(--ast-global-color-5)","background-image":"","background-repeat":"repeat","background-position":"center center","background-size":"auto","background-attachment":"scroll","background-type":"","background-media":"","overlay-type":"","overlay-color":"","overlay-gradient":""},"mobile":{"background-color":"var(--ast-global-color-5)","background-image":"","background-repeat":"repeat","background-position":"center center","background-size":"auto","background-attachment":"scroll","background-type":"","background-media":"","overlay-type":"","overlay-color":"","overlay-gradient":""}},"footnotes":""},"_links":{"self":[{"href":"https:\/\/sp17.pl\/index.php?rest_route=\/wp\/v2\/pages\/108"}],"collection":[{"href":"https:\/\/sp17.pl\/index.php?rest_route=\/wp\/v2\/pages"}],"about":[{"href":"https:\/\/sp17.pl\/index.php?rest_route=\/wp\/v2\/types\/page"}],"author":[{"embeddable":true,"href":"https:\/\/sp17.pl\/index.php?rest_route=\/wp\/v2\/users\/1"}],"replies":[{"embeddable":true,"href":"https:\/\/sp17.pl\/index.php?rest_route=%2Fwp%2Fv2%2Fcomments&post=108"}],"version-history":[{"count":17,"href":"https:\/\/sp17.pl\/index.php?rest_route=\/wp\/v2\/pages\/108\/revisions"}],"predecessor-version":[{"id":8809,"href":"https:\/\/sp17.pl\/index.php?rest_route=\/wp\/v2\/pages\/108\/revisions\/8809"}],"wp:attachment":[{"href":"https:\/\/sp17.pl\/index.php?rest_route=%2Fwp%2Fv2%2Fmedia&parent=108"}],"curies":[{"name":"wp","href":"https:\/\/api.w.org\/{rel}","templated":true}]}}