{"id":391,"date":"2019-11-09T18:15:42","date_gmt":"2019-11-09T17:15:42","guid":{"rendered":"https:\/\/sp17.pl\/?page_id=391"},"modified":"2026-02-03T17:13:34","modified_gmt":"2026-02-03T16:13:34","slug":"specjalisci-szkolni","status":"publish","type":"page","link":"https:\/\/sp17.pl\/?page_id=391","title":{"rendered":"Specjali\u015bci szkolni"},"content":{"rendered":"<h3 style=\"font-style: normal; white-space-collapse: collapse;\">PSYCHOLOG: mgr Karolina Ba\u0144bura-Chytra<\/h3>\n<p style=\"font-size: 16px; font-style: normal;\">Poniedzia\u0142ek:&nbsp; 12:00-16:00<br>Wtorek:&nbsp; &nbsp; &nbsp; &nbsp; &nbsp; &nbsp; 12:45-16:00<br>\u015aroda :&nbsp; &nbsp; &nbsp; &nbsp; &nbsp; &nbsp; &nbsp; 7:50- 10:45<br>Czwartek:&nbsp; &nbsp; &nbsp; &nbsp; &nbsp;9:50-13:40<\/p>\n<p style=\"font-size: 16px; font-style: normal; font-weight: 400;\">Psycholog przyjmuje w gabinecie 4A.<\/p>\n<h3 style=\"font-style: normal; white-space-collapse: collapse;\">PEDAGOG: mgr Ma\u0142gorzata P\u0142\u00f3ciennik<\/h3>\n<p style=\"font-size: 16px;\">Poniedzia\u0142ek:&nbsp; &nbsp;9:15 &#8211; 13:45<br>Wtorek:&nbsp; &nbsp; &nbsp; &nbsp; &nbsp; &nbsp; 10:00 &#8211; 13:45<br>\u015aroda:&nbsp; &nbsp; &nbsp; &nbsp; &nbsp; &nbsp; &nbsp; &nbsp;9:45 &#8211; 14:45&nbsp; &nbsp; &nbsp; &nbsp; &nbsp; &nbsp; &nbsp; &nbsp; &nbsp; &nbsp; &nbsp; &nbsp; &nbsp; &nbsp; &nbsp; &nbsp; &nbsp; &nbsp; &nbsp; &nbsp; &nbsp; &nbsp; &nbsp; &nbsp; &nbsp; &nbsp; &nbsp; &nbsp; &nbsp; &nbsp; &nbsp; &nbsp; &nbsp; &nbsp; &nbsp; &nbsp; &nbsp; &nbsp; &nbsp; &nbsp; &nbsp; &nbsp; &nbsp; &nbsp; &nbsp; &nbsp; &nbsp; Czwartek:&nbsp; &nbsp; &nbsp; &nbsp; 9:30 &#8211; 13:00<br>Pi\u0105tek:&nbsp; &nbsp; &nbsp; &nbsp; &nbsp; &nbsp; &nbsp; 8:15 &#8211; 1&nbsp; 1:30&nbsp;<\/p>\n<h3 style=\"font-style: normal; white-space-collapse: collapse;\">PEDAGOG SPECJALNY:<br>mgr Wioletta Waniowska-Muzio\u0142<\/h3>\n<p>Poniedzia\u0142ek:&nbsp; 11:30 &#8211; 15:00 (2) oraz 12:00 &#8211; 15:30 (1)&nbsp; &nbsp; &nbsp; &nbsp; &nbsp; &nbsp; &nbsp; &nbsp; &nbsp; &nbsp; &nbsp; &nbsp; &nbsp; &nbsp; &nbsp; &nbsp; &nbsp; &nbsp; &nbsp; &nbsp; &nbsp; &nbsp; &nbsp; &nbsp; &nbsp; &nbsp; \u015aroda:&nbsp; &nbsp; &nbsp; &nbsp; &nbsp; &nbsp; &nbsp; &nbsp;9:30 &#8211; 14:00&nbsp; &nbsp; &nbsp; &nbsp; &nbsp; &nbsp; &nbsp; &nbsp; &nbsp; &nbsp; &nbsp; &nbsp; &nbsp; &nbsp; &nbsp; &nbsp; &nbsp; &nbsp; &nbsp; &nbsp; &nbsp; &nbsp; &nbsp; &nbsp; &nbsp; &nbsp; &nbsp; &nbsp; &nbsp; &nbsp; &nbsp; &nbsp; &nbsp; &nbsp; &nbsp; &nbsp; &nbsp; &nbsp; &nbsp; &nbsp; &nbsp; &nbsp; &nbsp; &nbsp; &nbsp; &nbsp; &nbsp; &nbsp; &nbsp; &nbsp; &nbsp; &nbsp; Pi\u0105tek:&nbsp; &nbsp; &nbsp; &nbsp; &nbsp; &nbsp; 10:40 &#8211; 12:40<\/p>\n<h3 style=\"font-style: normal; white-space-collapse: collapse;\">LOGOPEDA : mgr Adrianna G\u0142uszyk<\/h3>\n<p>Poniedzia\u0142ek: 12:55 &#8211; 15:30<br>Wtorek: 09:50 &#8211; 14:25&nbsp; (10:45-11:30 zaj\u0119cia korekcyjno &#8211; kompensacyjne)&nbsp; &nbsp; &nbsp; &nbsp; &nbsp; &nbsp; &nbsp; &nbsp; &nbsp; &nbsp; &nbsp; &nbsp;Czwartek: 09:50 &#8211;&nbsp; 14:35&nbsp; &nbsp; &nbsp; &nbsp; &nbsp; &nbsp; &nbsp; &nbsp; &nbsp; &nbsp; &nbsp; &nbsp; &nbsp; &nbsp; &nbsp; &nbsp; &nbsp; &nbsp; &nbsp; &nbsp; &nbsp; &nbsp; &nbsp; &nbsp; &nbsp; &nbsp; &nbsp; &nbsp; &nbsp; &nbsp; &nbsp; &nbsp; &nbsp; &nbsp; &nbsp; &nbsp; &nbsp; &nbsp; &nbsp; &nbsp; &nbsp; &nbsp; &nbsp; &nbsp; &nbsp; &nbsp; &nbsp; &nbsp; &nbsp; &nbsp; &nbsp; &nbsp; &nbsp; &nbsp; &nbsp; &nbsp;Pi\u0105tek: 09:50 &#8211; 13:40<\/p>\n<h3 style=\"font-style: normal; white-space-collapse: collapse;\">SOCJOTERAPEUTA: mgr Grzegorz Witkowski<\/h3>\n<p style=\"font-size: 16px; font-style: normal;\">\u015aroda:&nbsp; &nbsp; 8.00 &#8211; 10.35 (sta\u0142e zaj\u0119cia indywidualne i grupowe) oraz 10.45 &#8211; 15.30 (warsztaty klasowe)&nbsp; &nbsp; &nbsp; &nbsp; &nbsp; &nbsp; &nbsp; &nbsp; &nbsp; &nbsp; &nbsp; &nbsp; &nbsp; &nbsp; &nbsp; &nbsp; &nbsp; &nbsp; &nbsp; &nbsp; &nbsp; &nbsp; &nbsp; &nbsp; &nbsp; &nbsp; &nbsp; &nbsp; &nbsp; &nbsp; &nbsp; &nbsp; &nbsp; &nbsp; &nbsp; &nbsp; &nbsp; &nbsp; &nbsp; &nbsp; &nbsp; &nbsp; &nbsp; &nbsp; &nbsp; &nbsp; &nbsp; &nbsp; &nbsp; &nbsp; &nbsp; &nbsp; &nbsp; &nbsp; &nbsp; &nbsp; &nbsp; Pi\u0105tek:&nbsp; &nbsp;8.00 &#8211; 11.30&nbsp; (warsztaty klasowe) oraz 11.50 &#8211; 14.35 (sta\u0142e zaj\u0119cia indywidualne i grupowe)<\/p>\n<p>&nbsp;<\/p>\n\n\n<\/p>\n<h3 style=\"text-align: center;\">Masz problem -zadzwo\u0144!!!<\/h3>\n<p>\u00a0<\/p>\n<p><img loading=\"lazy\" decoding=\"async\" style=\"font-size: 16px; font-style: inherit; font-weight: inherit; color: var( --e-global-color-text ); font-family: var( --e-global-typography-text-font-family ); background-color: var(--ast-global-color-5);\" src=\"https:\/\/sp17.pl\/wp-content\/uploads\/2019\/11\/infolinia-1.jpg\" alt=\"\" width=\"473\" height=\"199\" \/><\/p>\n<figure>\n<figcaption><\/figcaption>\n<\/figure>\n<p>\n\n\n\n<\/p>\n<figure><img loading=\"lazy\" decoding=\"async\" src=\"https:\/\/sp17.pl\/wp-content\/uploads\/2019\/11\/telefon-zaufania.png\" alt=\"\" width=\"472\" height=\"265\" \/><\/figure>\n<figure><\/figure>\n<figure><\/figure>\n<figure><\/figure>\n<figure><\/figure>\n<figure><\/figure>\n<figure><\/figure>\n<p><br \/><br \/><\/p>\n<figure><img decoding=\"async\" src=\"https:\/\/sp17.pl\/wp-content\/uploads\/2019\/11\/Rzecznik-Praw-Dziecka.png\" alt=\"\" \/><\/figure>\n<p>\n\n\n","protected":false},"excerpt":{"rendered":"<p>PSYCHOLOG: mgr Karolina Ba\u0144bura-Chytra Poniedzia\u0142ek:&nbsp; 12:00-16:00Wtorek:&nbsp; &nbsp; &nbsp; &nbsp; &nbsp; &nbsp; 12:45-16:00\u015aroda :&nbsp; &nbsp; &nbsp; &nbsp; &nbsp; &nbsp; &nbsp; 7:50- 10:45Czwartek:&nbsp; &nbsp; &nbsp; &nbsp; &nbsp;9:50-13:40 Psycholog przyjmuje w gabinecie 4A. PEDAGOG: mgr Ma\u0142gorzata P\u0142\u00f3ciennik Poniedzia\u0142ek:&nbsp; &nbsp;9:15 &#8211; 13:45Wtorek:&nbsp; &nbsp; &nbsp; &nbsp; &nbsp; &nbsp; 10:00 &#8211; 13:45\u015aroda:&nbsp; &nbsp; &nbsp; &nbsp; &nbsp; &nbsp; &nbsp; &nbsp;9:45 &#8211; 14:45&nbsp; &hellip;<\/p>\n<p class=\"read-more\"> <a class=\"\" href=\"https:\/\/sp17.pl\/?page_id=391\"> <span class=\"screen-reader-text\">Specjali\u015bci szkolni<\/span> Czytaj wi\u0119cej<\/a><\/p>\n","protected":false},"author":1,"featured_media":0,"parent":0,"menu_order":0,"comment_status":"closed","ping_status":"closed","template":"","meta":{"ngg_post_thumbnail":0,"site-sidebar-layout":"default","site-content-layout":"","ast-site-content-layout":"","site-content-style":"default","site-sidebar-style":"default","ast-global-header-display":"","ast-banner-title-visibility":"","ast-main-header-display":"","ast-hfb-above-header-display":"","ast-hfb-below-header-display":"","ast-hfb-mobile-header-display":"","site-post-title":"","ast-breadcrumbs-content":"","ast-featured-img":"","footer-sml-layout":"","theme-transparent-header-meta":"","adv-header-id-meta":"","stick-header-meta":"","header-above-stick-meta":"","header-main-stick-meta":"","header-below-stick-meta":"","astra-migrate-meta-layouts":"default","ast-page-background-enabled":"default","ast-page-background-meta":{"desktop":{"background-color":"var(--ast-global-color-4)","background-image":"","background-repeat":"repeat","background-position":"center center","background-size":"auto","background-attachment":"scroll","background-type":"","background-media":"","overlay-type":"","overlay-color":"","overlay-gradient":""},"tablet":{"background-color":"","background-image":"","background-repeat":"repeat","background-position":"center center","background-size":"auto","background-attachment":"scroll","background-type":"","background-media":"","overlay-type":"","overlay-color":"","overlay-gradient":""},"mobile":{"background-color":"","background-image":"","background-repeat":"repeat","background-position":"center center","background-size":"auto","background-attachment":"scroll","background-type":"","background-media":"","overlay-type":"","overlay-color":"","overlay-gradient":""}},"ast-content-background-meta":{"desktop":{"background-color":"var(--ast-global-color-5)","background-image":"","background-repeat":"repeat","background-position":"center center","background-size":"auto","background-attachment":"scroll","background-type":"","background-media":"","overlay-type":"","overlay-color":"","overlay-gradient":""},"tablet":{"background-color":"var(--ast-global-color-5)","background-image":"","background-repeat":"repeat","background-position":"center center","background-size":"auto","background-attachment":"scroll","background-type":"","background-media":"","overlay-type":"","overlay-color":"","overlay-gradient":""},"mobile":{"background-color":"var(--ast-global-color-5)","background-image":"","background-repeat":"repeat","background-position":"center center","background-size":"auto","background-attachment":"scroll","background-type":"","background-media":"","overlay-type":"","overlay-color":"","overlay-gradient":""}},"footnotes":""},"_links":{"self":[{"href":"https:\/\/sp17.pl\/index.php?rest_route=\/wp\/v2\/pages\/391"}],"collection":[{"href":"https:\/\/sp17.pl\/index.php?rest_route=\/wp\/v2\/pages"}],"about":[{"href":"https:\/\/sp17.pl\/index.php?rest_route=\/wp\/v2\/types\/page"}],"author":[{"embeddable":true,"href":"https:\/\/sp17.pl\/index.php?rest_route=\/wp\/v2\/users\/1"}],"replies":[{"embeddable":true,"href":"https:\/\/sp17.pl\/index.php?rest_route=%2Fwp%2Fv2%2Fcomments&post=391"}],"version-history":[{"count":58,"href":"https:\/\/sp17.pl\/index.php?rest_route=\/wp\/v2\/pages\/391\/revisions"}],"predecessor-version":[{"id":12290,"href":"https:\/\/sp17.pl\/index.php?rest_route=\/wp\/v2\/pages\/391\/revisions\/12290"}],"wp:attachment":[{"href":"https:\/\/sp17.pl\/index.php?rest_route=%2Fwp%2Fv2%2Fmedia&parent=391"}],"curies":[{"name":"wp","href":"https:\/\/api.w.org\/{rel}","templated":true}]}}