{"id":398,"date":"2019-11-09T18:18:52","date_gmt":"2019-11-09T17:18:52","guid":{"rendered":"https:\/\/sp17.pl\/?page_id=398"},"modified":"2026-04-27T09:09:20","modified_gmt":"2026-04-27T07:09:20","slug":"szkolne-obiady","status":"publish","type":"page","link":"https:\/\/sp17.pl\/?page_id=398","title":{"rendered":"Obiady"},"content":{"rendered":"\t\t<div data-elementor-type=\"wp-page\" data-elementor-id=\"398\" class=\"elementor elementor-398\" data-elementor-settings=\"[]\">\n\t\t\t\t\t\t<div class=\"elementor-inner\">\n\t\t\t\t\t\t\t<div class=\"elementor-section-wrap\">\n\t\t\t\t\t\t\t<section class=\"elementor-section elementor-top-section elementor-element elementor-element-4ae288e0 elementor-section-boxed elementor-section-height-default elementor-section-height-default\" data-id=\"4ae288e0\" data-element_type=\"section\">\n\t\t\t\t\t\t<div class=\"elementor-container elementor-column-gap-default\">\n\t\t\t\t\t\t\t<div class=\"elementor-row\">\n\t\t\t\t\t<div class=\"elementor-column elementor-col-100 elementor-top-column elementor-element elementor-element-ca63f82\" data-id=\"ca63f82\" data-element_type=\"column\">\n\t\t\t<div class=\"elementor-column-wrap elementor-element-populated\">\n\t\t\t\t\t\t\t<div class=\"elementor-widget-wrap\">\n\t\t\t\t\t\t<div class=\"elementor-element elementor-element-49cb59e6 elementor-widget elementor-widget-text-editor\" data-id=\"49cb59e6\" data-element_type=\"widget\" data-widget_type=\"text-editor.default\">\n\t\t\t\t<div class=\"elementor-widget-container\">\n\t\t\t\t\t<div class=\"elementor-text-editor elementor-clearfix\"><p><!-- wp:tadv\/classic-paragraph --><\/p>\n<h5 dir=\"ltr\" style=\"text-align: center;\">OG\u0141OSZENIE<\/h5>\n<h6><strong>INFORMUJEMY, \u017bE OP\u0141ATA ZA OBIADY W MIESI\u0104CU\u00a0<\/strong><strong>MAJU 2026\u00a0 WYNOSI 85 Z\u0141\u00a0 \u00a0(17 DNI X 5 Z\u0141)<\/strong><\/h6>\n<h6><strong><span style=\"font-size: 1rem; font-style: inherit;\">WP\u0141ATY ZA OBIADY NALE\u017bY DOKONYWA\u0106 NA INDYWIDUALNE KONTO PODANE W APLIKACJI VULCAN<\/span><\/strong><\/h6>\n<h6>TERMIN WP\u0141AT MIJA 25 IV 2026 R.\u00a0<\/h6>\n<h6>NIEDOKONANIE WP\u0141AT W WYZNACZONYM TERMINIE SKUTKUJE SKRE\u015aLENIEM Z LISTY OBIADOWEJ W DANYM MIESI\u0104CU.<\/h6>\n<h6><span style=\"font-size: 17.6px; font-weight: bold;\">W PRZYPADKU REZYGNACJI Z OBIAD\u00d3W KONIECZNE JEST <\/span><span style=\"font-size: 17.6px; font-weight: bold;\">ZG\u0141OSZENIE TEGO FAKTU KIEROWNIKOWI STOL\u00d3WKI LUB INTENDENTOWI PRZED KOLEJNYM MIESI\u0104CEM \u017bYWIENIOWYM, W PRZECIWNYM WYPADKU OP\u0141ATY B\u0118D\u0104 NALICZONE DO MOMENTU ZG\u0141OSZENIA.<\/span><\/h6>\n<h6>\u00a0<\/h6>\n<div class=\"adL\">\u00a0<\/div>\n<p style=\"text-align: center;\"><span style=\"color: #339966;\"><strong>UWAGA<\/strong> !<\/span><\/p>\n<p style=\"text-align: center;\"><span style=\"color: #1e293b; font-family: Georgia, Times, serif; font-size: 1rem; font-style: inherit; font-weight: inherit;\">W sprawie rozliczenia nadp\u0142at prosz\u0119 o kontakt :<\/span><\/p>\n<h6 style=\"text-align: center;\">tel. &#8211; 68 45 38 885<\/h6>\n<p>\u00a0<\/p>\n<p><a style=\"font-size: 17.6px; font-style: normal; font-weight: bold; transition-property: all; color: #3a3a3a;\" href=\"https:\/\/drive.google.com\/file\/d\/1MjnHxdiJUKmRvDytfSeYrylX7sIcDA_N\/view?usp=sharing\" target=\"_blank\" rel=\"noopener\"><span style=\"font-weight: bold; color: #ff0000; font-style: inherit; font-family: Roboto;\"><u>HARMONOGRAM WP\u0141AT do wgl\u0105du<\/u><\/span><\/a><\/p>\n<h3 style=\"text-align: center;\">WA\u017bNE<\/h3>\n<h2><span style=\"font-size: 12pt;\">Warunkiem przyst\u0105pienia dziecka do obiad\u00f3w b\u0119dzie wype\u0142nienie karty zg\u0142oszenia dziecka\u00a0 i dostarczenie jej drog\u0105 mailow\u0105:<br \/><a href=\"mailto:obiady@sp17.zgora.pl\">obiady@sp17.zgora.pl<\/a> \u00a0lub osobi\u015bcie\u00a0do kierownika sto\u0142\u00f3wki lub intendenta szko\u0142y, oraz op\u0142acenie obiad\u00f3w.\u00a0<\/span><\/h2>\n<p>\u00a0<\/p>\n<h3 style=\"text-align: center;\">JAD\u0141OSPIS<\/h3>\n<table style=\"border-collapse: collapse; width: 100%; height: 411px;\">\n<tbody>\n<tr style=\"height: 71px;\">\n<td style=\"width: 21.3913%; height: 71px;\">\u00a0<\/td>\n<td style=\"width: 78.6087%; height: 71px;\">\n<h5><strong>\u00a0 \u00a0 \u00a0 \u00a0 \u00a0 \u00a0 \u00a0 \u00a0 \u00a0 \u00a0 \u00a0 \u00a0 \u00a0 OBIAD<\/strong><\/h5>\n<\/td>\n<\/tr>\n<tr style=\"height: 71px;\">\n<td style=\"width: 21.3913%; height: 73px;\">\n<p><strong>Poniedzia\u0142ek 27<\/strong><strong>.04.2026\u00a0<\/strong><\/p>\n<\/td>\n<td style=\"width: 78.6087%; height: 73px;\">\n<p>kapu\u015bniak mazurski , pieczywo<br \/>piecze\u0144 z indyka w sosie w\u0142asnym, ry\u017c na<br \/>sypko, marchew mini, kompot<\/p>\n<\/td>\n<\/tr>\n<tr style=\"height: 71px;\">\n<td style=\"width: 21.3913%; height: 71px;\">\n<p><strong>Wtorek\u00a0 28.03.2026<\/strong><\/p>\n<\/td>\n<td style=\"width: 78.6087%; height: 71px;\">\n<p>krupnik, pieczywo mieszane<\/p>\n<p>pierogi ukrai\u0144skie , sur\u00f3wka z m\u0142odej kapusty z<br \/>kukurydza i papryk\u0105, woda z mi\u0119t\u0105<\/p>\n<\/td>\n<\/tr>\n<tr style=\"height: 53px;\">\n<td style=\"width: 21.3913%; height: 54px;\">\n<p><strong>\u015aroda 29.04.2026<\/strong><\/p>\n<\/td>\n<td style=\"width: 78.6087%; height: 54px;\">\n<p>&#8211;<\/p>\n<\/td>\n<\/tr>\n<tr style=\"height: 71px;\">\n<td style=\"width: 21.3913%; height: 71px;\">\n<p><strong>Czwartek\u00a0 30.04.2026<\/strong><\/p>\n<\/td>\n<td style=\"width: 78.6087%; height: 71px;\">&#8211;<\/td>\n<\/tr>\n<tr style=\"height: 71px;\">\n<td style=\"width: 21.3913%; height: 71px;\">\n<p><strong>Pi\u0105tek\u00a0 01.04.2026<\/strong><\/p>\n<\/td>\n<td style=\"width: 78.6087%; height: 71px;\">&#8211;<\/td>\n<\/tr>\n<\/tbody>\n<\/table>\n<p><strong><span style=\"color: #ff0000;\">ZASTRZEGAMY SOBIE MO\u017bLIWO\u015a\u0106 ZMIAN W JAD\u0141OSPISIE.<\/span><\/strong><\/p>\n<p><strong><span style=\"color: #ff0000;\"><span style=\"color: #000000;\">OZNACZENIA ALERGEN\u00d3W WYST\u0118PUJ\u0104CYCH W PRODUKTACH:<\/span><\/span><span style=\"color: #ff0000;\"><span style=\"color: #000000;\"><br \/><\/span><br \/><\/span><\/strong><span style=\"color: #ff0000;\"><span style=\"color: #000000;\">1. ZBO\u017bA ZAWIERAJ\u0104CE GLUTEN ,<\/span><\/span><span style=\"color: #ff0000;\"><br \/><span style=\"color: #000000;\">2. SKORUPIAKI I PRODUKTY POCHODNE,<\/span><br \/><span style=\"color: #000000;\">3. JAJA I PRODUKTY POCHODNE,<\/span><br \/><span style=\"color: #000000;\">4. RYBY I PRODUKTY POCHODNE,<\/span><br \/><span style=\"color: #000000;\">5. ORZESZKI ZIEMNE ( ARACHIDOWE) I PRODUKTY\u00a0 \u00a0 \u00a0 \u00a0 \u00a0 \u00a0 \u00a0 \u00a0 \u00a0 \u00a0 \u00a0 \u00a0 \u00a0 \u00a0 \u00a0 \u00a0 \u00a0 \u00a0 POCHODNE,<\/span><br \/><span style=\"color: #000000;\">6. SOJA I PRODUKTY POCHODNE,<\/span><br \/><span style=\"color: #000000;\">7. MLEKO I PRODUKTY POCHODNE ,<\/span><br \/><span style=\"color: #000000;\">8. ORZECHY (TJ. MIGDA\u0141Y ORZECHY LASKOWE , W\u0141OSKIE NERKOWCE, <\/span><span style=\"color: #000000;\">PISTACJE I PRODUKTY POCHODNE,<\/span><br \/><span style=\"color: #000000;\">9. SELER I PRODUKTY POCHODNE,<\/span><br \/><span style=\"color: #000000;\">10. GORCZYCA I PRODUKTY POCHODNE,<\/span><br \/><span style=\"color: #000000;\">11. NASIONA SEZAMU I PRODUKTY POCHODNE ,<\/span><br \/><span style=\"color: #000000;\">12. DWUTLENEK SIARKI I SIARCZANY ,<\/span><br \/><span style=\"color: #000000;\">13. \u0141UBIN I PRODUKTY POCHODNE,<\/span><br \/><span style=\"color: #000000;\">14. MI\u0118CZAKI I PRODUKTY POCHODNE<\/span><\/span><\/p>\n<h1 style=\"text-align: center;\"><span style=\"font-size: 14pt; color: #000080;\"><strong>DOKUMENTY DO POBRANIA<\/strong><\/span><\/h1>\n<p><!-- \/wp:tadv\/classic-paragraph --><\/p><\/div>\n\t\t\t\t<\/div>\n\t\t\t\t<\/div>\n\t\t\t\t<div class=\"elementor-element elementor-element-8bae8da elementor-widget elementor-widget-heading\" data-id=\"8bae8da\" data-element_type=\"widget\" data-widget_type=\"heading.default\">\n\t\t\t\t<div class=\"elementor-widget-container\">\n\t\t\t<h2 class=\"elementor-heading-title elementor-size-default\"><h6 style=\"font-style: normal; white-space-collapse: collapse;\">*KARTA ZG\u0141OSZENIA DZIECKA NA STO\u0141\u00d3WK\u0118 SZKOLN\u0104 ORAZ  INFORMACJE DOTYCZ\u0104CE PRZETWARZANIA DANYCH OSOBOWYCH<\/h6><\/h2>\t\t<\/div>\n\t\t\t\t<\/div>\n\t\t\t\t<div class=\"elementor-element elementor-element-e1698b8 elementor-align-left elementor-mobile-align-center elementor-widget elementor-widget-button\" data-id=\"e1698b8\" data-element_type=\"widget\" data-widget_type=\"button.default\">\n\t\t\t\t<div class=\"elementor-widget-container\">\n\t\t\t\t\t<div class=\"elementor-button-wrapper\">\n\t\t\t<a href=\"https:\/\/drive.google.com\/file\/d\/1IDdPT3NvuQLOZbeWORM7TCXEvl3f7foD\/view?usp=sharing\" target=\"_blank\" class=\"elementor-button-link elementor-button elementor-size-md\" role=\"button\">\n\t\t\t\t\t\t<span class=\"elementor-button-content-wrapper\">\n\t\t\t\t\t\t<span class=\"elementor-button-text\">Karta zg\u0142oszenia<\/span>\n\t\t<\/span>\n\t\t\t\t\t<\/a>\n\t\t<\/div>\n\t\t\t\t<\/div>\n\t\t\t\t<\/div>\n\t\t\t\t<div class=\"elementor-element elementor-element-bcc72b4 elementor-widget elementor-widget-heading\" data-id=\"bcc72b4\" data-element_type=\"widget\" data-widget_type=\"heading.default\">\n\t\t\t\t<div class=\"elementor-widget-container\">\n\t\t\t<h2 class=\"elementor-heading-title elementor-size-default\"><h6 style=\"font-style: normal; white-space-collapse: collapse;\">*REZYGNACJA DZIECKA Z OBIAD\u00d3W W STO\u0141\u00d3WCE SZKOLNEJ<br>ROK SZKOLNY 2025\/2026<\/h6><\/h2>\t\t<\/div>\n\t\t\t\t<\/div>\n\t\t\t\t<div class=\"elementor-element elementor-element-e06470c elementor-align-left elementor-mobile-align-center elementor-widget elementor-widget-button\" data-id=\"e06470c\" data-element_type=\"widget\" data-widget_type=\"button.default\">\n\t\t\t\t<div class=\"elementor-widget-container\">\n\t\t\t\t\t<div class=\"elementor-button-wrapper\">\n\t\t\t<a href=\"https:\/\/drive.google.com\/file\/d\/1_YQxwYfJw12eMlbGlfPJk5bmdspWEVhq\/view?usp=drive_link\" class=\"elementor-button-link elementor-button elementor-size-md\" role=\"button\">\n\t\t\t\t\t\t<span class=\"elementor-button-content-wrapper\">\n\t\t\t\t\t\t<span class=\"elementor-button-text\">Rezygnacja<\/span>\n\t\t<\/span>\n\t\t\t\t\t<\/a>\n\t\t<\/div>\n\t\t\t\t<\/div>\n\t\t\t\t<\/div>\n\t\t\t\t\t\t<\/div>\n\t\t\t\t\t<\/div>\n\t\t<\/div>\n\t\t\t\t\t\t\t\t<\/div>\n\t\t\t\t\t<\/div>\n\t\t<\/section>\n\t\t\t\t\t\t<\/div>\n\t\t\t\t\t\t<\/div>\n\t\t\t\t\t<\/div>\n\t\t","protected":false},"excerpt":{"rendered":"<p>OG\u0141OSZENIE INFORMUJEMY, \u017bE OP\u0141ATA ZA OBIADY W MIESI\u0104CU\u00a0MAJU 2026\u00a0 WYNOSI 85 Z\u0141\u00a0 \u00a0(17 DNI X 5 Z\u0141) WP\u0141ATY ZA OBIADY NALE\u017bY DOKONYWA\u0106 NA INDYWIDUALNE KONTO PODANE W APLIKACJI VULCAN TERMIN WP\u0141AT MIJA 25 IV 2026 R.\u00a0 NIEDOKONANIE WP\u0141AT W WYZNACZONYM TERMINIE SKUTKUJE SKRE\u015aLENIEM Z LISTY OBIADOWEJ W DANYM MIESI\u0104CU. W PRZYPADKU REZYGNACJI Z OBIAD\u00d3W KONIECZNE &hellip;<\/p>\n<p class=\"read-more\"> <a class=\"\" href=\"https:\/\/sp17.pl\/?page_id=398\"> <span class=\"screen-reader-text\">Obiady<\/span> Czytaj wi\u0119cej<\/a><\/p>\n","protected":false},"author":1,"featured_media":0,"parent":0,"menu_order":0,"comment_status":"closed","ping_status":"closed","template":"","meta":{"ngg_post_thumbnail":0,"site-sidebar-layout":"default","site-content-layout":"","ast-site-content-layout":"","site-content-style":"default","site-sidebar-style":"default","ast-global-header-display":"","ast-banner-title-visibility":"","ast-main-header-display":"","ast-hfb-above-header-display":"","ast-hfb-below-header-display":"","ast-hfb-mobile-header-display":"","site-post-title":"","ast-breadcrumbs-content":"","ast-featured-img":"","footer-sml-layout":"","theme-transparent-header-meta":"","adv-header-id-meta":"","stick-header-meta":"","header-above-stick-meta":"","header-main-stick-meta":"","header-below-stick-meta":"","astra-migrate-meta-layouts":"default","ast-page-background-enabled":"default","ast-page-background-meta":{"desktop":{"background-color":"var(--ast-global-color-4)","background-image":"","background-repeat":"repeat","background-position":"center center","background-size":"auto","background-attachment":"scroll","background-type":"","background-media":"","overlay-type":"","overlay-color":"","overlay-gradient":""},"tablet":{"background-color":"","background-image":"","background-repeat":"repeat","background-position":"center center","background-size":"auto","background-attachment":"scroll","background-type":"","background-media":"","overlay-type":"","overlay-color":"","overlay-gradient":""},"mobile":{"background-color":"","background-image":"","background-repeat":"repeat","background-position":"center center","background-size":"auto","background-attachment":"scroll","background-type":"","background-media":"","overlay-type":"","overlay-color":"","overlay-gradient":""}},"ast-content-background-meta":{"desktop":{"background-color":"var(--ast-global-color-5)","background-image":"","background-repeat":"repeat","background-position":"center center","background-size":"auto","background-attachment":"scroll","background-type":"","background-media":"","overlay-type":"","overlay-color":"","overlay-gradient":""},"tablet":{"background-color":"var(--ast-global-color-5)","background-image":"","background-repeat":"repeat","background-position":"center center","background-size":"auto","background-attachment":"scroll","background-type":"","background-media":"","overlay-type":"","overlay-color":"","overlay-gradient":""},"mobile":{"background-color":"var(--ast-global-color-5)","background-image":"","background-repeat":"repeat","background-position":"center center","background-size":"auto","background-attachment":"scroll","background-type":"","background-media":"","overlay-type":"","overlay-color":"","overlay-gradient":""}},"footnotes":""},"_links":{"self":[{"href":"https:\/\/sp17.pl\/index.php?rest_route=\/wp\/v2\/pages\/398"}],"collection":[{"href":"https:\/\/sp17.pl\/index.php?rest_route=\/wp\/v2\/pages"}],"about":[{"href":"https:\/\/sp17.pl\/index.php?rest_route=\/wp\/v2\/types\/page"}],"author":[{"embeddable":true,"href":"https:\/\/sp17.pl\/index.php?rest_route=\/wp\/v2\/users\/1"}],"replies":[{"embeddable":true,"href":"https:\/\/sp17.pl\/index.php?rest_route=%2Fwp%2Fv2%2Fcomments&post=398"}],"version-history":[{"count":504,"href":"https:\/\/sp17.pl\/index.php?rest_route=\/wp\/v2\/pages\/398\/revisions"}],"predecessor-version":[{"id":12482,"href":"https:\/\/sp17.pl\/index.php?rest_route=\/wp\/v2\/pages\/398\/revisions\/12482"}],"wp:attachment":[{"href":"https:\/\/sp17.pl\/index.php?rest_route=%2Fwp%2Fv2%2Fmedia&parent=398"}],"curies":[{"name":"wp","href":"https:\/\/api.w.org\/{rel}","templated":true}]}}