{"id":5137,"date":"2021-10-26T11:02:00","date_gmt":"2021-10-26T09:02:00","guid":{"rendered":"https:\/\/sp17.pl\/?page_id=5137"},"modified":"2024-01-09T17:07:49","modified_gmt":"2024-01-09T16:07:49","slug":"epuap-elektroniczna-skrzynka-podawcza","status":"publish","type":"page","link":"https:\/\/sp17.pl\/?page_id=5137","title":{"rendered":"EPUAP &#8211; Elektroniczna skrzynka podawcza"},"content":{"rendered":"\t\t<div data-elementor-type=\"wp-page\" data-elementor-id=\"5137\" class=\"elementor elementor-5137\" data-elementor-settings=\"[]\">\n\t\t\t\t\t\t<div class=\"elementor-inner\">\n\t\t\t\t\t\t\t<div class=\"elementor-section-wrap\">\n\t\t\t\t\t\t\t<section class=\"elementor-section elementor-top-section elementor-element elementor-element-182c0aa4 elementor-section-boxed elementor-section-height-default elementor-section-height-default\" data-id=\"182c0aa4\" data-element_type=\"section\">\n\t\t\t\t\t\t<div class=\"elementor-container elementor-column-gap-default\">\n\t\t\t\t\t\t\t<div class=\"elementor-row\">\n\t\t\t\t\t<div class=\"elementor-column elementor-col-100 elementor-top-column elementor-element elementor-element-48429445\" data-id=\"48429445\" data-element_type=\"column\">\n\t\t\t<div class=\"elementor-column-wrap elementor-element-populated\">\n\t\t\t\t\t\t\t<div class=\"elementor-widget-wrap\">\n\t\t\t\t\t\t<div class=\"elementor-element elementor-element-e626330 elementor-widget elementor-widget-text-editor\" data-id=\"e626330\" data-element_type=\"widget\" data-widget_type=\"text-editor.default\">\n\t\t\t\t<div class=\"elementor-widget-container\">\n\t\t\t\t\t<div class=\"elementor-text-editor elementor-clearfix\"><p>W celu dostarczenia do Zespo\u0142u Edukacyjnego nr 2<br \/>w Zielonej G\u00f3rze dokumentu elektronicznego, nale\u017cy zarejestrowa\u0107 si\u0119 na elektronicznej Platformie Us\u0142ug Administracji Publicznej (ePUAP) pod adresem epuap.gov.pl.<br \/><br \/>Przy pomocy elektronicznej skrzynki podawczej za\u0142atwi\u0105 Pa\u0144stwo ka\u017cd\u0105 spraw\u0119 nale\u017c\u0105c\u0105 do kompetencji Zespo\u0142u Edukacyjnego nr 2 w Zielonej G\u00f3rze.<br \/><br \/>Do formularza mo\u017cna dodawa\u0107 za\u0142\u0105czniki<br \/>o nast\u0119puj\u0105cych rozszerzeniach: <strong>.doc, .docx, .gif, .jpg (.jpeg), .ods, .odt, .pdf, .png, .rtf, .svg, .tif (.tiff), .txt, .xls, .xlsx, .xml<\/strong>.<strong><br \/><br \/><\/strong>Maksymalny rozmiar dokumentu elektronicznego to<br \/>5 megabajt\u00f3w. W ramach us\u0142ugi centralnej \u201ePismo og\u00f3lne\u201d mo\u017cna do\u0142\u0105cza\u0107 pliki do 500 megabajt\u00f3w. Pliki zawieraj\u0105ce szkodliwe oprogramowanie b\u0119d\u0105 automatycznie usuwane.<br \/><br \/>Po za\u0142o\u017ceniu konta i zalogowaniu si\u0119 na ePUAP, u\u017cytkownik ma dost\u0119p do sporz\u0105dzania pism w formie dokument\u00f3w elektronicznych i dor\u0119czania dokument\u00f3w elektronicznych do Zespo\u0142u Edukacyjnego nr 2<br \/>w Zielonej G\u00f3rze.:<br \/><br \/><strong>Pismo og\u00f3lne do podmiotu publicznego:<br \/><br \/><\/strong>1. W celu wys\u0142ania pisma, w ramach us\u0142ugi centralnej, nale\u017cy klikn\u0105\u0107 na link:<br \/><br \/><a href=\"https:\/\/epuap.gov.pl\/wps\/myportal\/strefa-klienta\/katalog-spraw\/sprawy-ogolne\/ogolne-sprawy-urzedowe-2\/pismo-ogolne-do-podmiotu-publicznego-nowe\">https:\/\/epuap.gov.pl\/wps\/myportal\/strefa-klienta\/katalog-spraw\/sprawy-ogolne\/ogolne-sprawy-urzedowe-2\/pismo-ogolne-do-podmiotu-publicznego-nowe<\/a><br \/><br \/>2. Nast\u0119pnie klikamy: <em><strong>Za\u0142atw spraw\u0119<\/strong><\/em><br \/><br \/>3. W polu <strong><em>Ustaw \/ zmie\u0144 adresata<\/em><\/strong> wpisujemy:<br \/>ZESP\u00d3\u0141 EDUKACYJNY NR 2 W ZIELONEJ G\u00d3RZE<br \/><br \/>4. Poni\u017cej pojawi si\u0119 odnaleziony adresat <br \/>(klikamy na niego myszk\u0105)<br \/><br \/><strong>Udost\u0119pnianie informacji publicznej na wniosek:<\/strong><br \/><br \/><a href=\"https:\/\/epuap.gov.pl\/wps\/myportal\/strefa-klienta\/katalog-spraw\/sprawy-ogolne\/ogolne-sprawy-urzedowe-2\/udostepnianie-informacji-publicznej-na-wniosek-5\">https:\/\/epuap.gov.pl\/wps\/myportal\/strefa-klienta\/katalog-spraw\/sprawy-ogolne\/ogolne-sprawy-urzedowe-2\/udostepnianie-informacji-publicznej-na-wniosek-5<\/a><br \/><br \/><strong>Duplikaty i odpisy \u015bwiadectw:<\/strong><br \/><br \/><a href=\"https:\/\/epuap.gov.pl\/wps\/myportal\/strefa-klienta\/katalog-spraw\/edukacja\/najczesciej-zalatwiane-sprawy\/duplikaty-i-odpisy-swiadectw\">https:\/\/epuap.gov.pl\/wps\/myportal\/strefa-klienta\/katalog-spraw\/edukacja\/najczesciej-zalatwiane-sprawy\/duplikaty-i-odpisy-swiadectw<\/a><br \/><br \/>Odno\u015bnie spraw za\u0142atwianych w trybie post\u0119powania administracyjnego konieczne jest podanie imienia, nazwiska, adresu oraz z\u0142o\u017cenie podpisu osoby wnosz\u0105cej pismo.<br \/><br \/>Elektroniczna skrzynka podawcza obs\u0142uguje, zar\u00f3wno bezpieczny kwalifikowany podpis elektroniczny, jak i jego darmowy odpowiednik, czyli profil zaufany ePUAP.<br \/><br \/>Profil zaufany ePUAP mo\u017ce za\u0142o\u017cy\u0107 ka\u017cda pe\u0142noletnia osoba na platformie epuap.gov.pl. Po z\u0142o\u017ceniu elektronicznego wniosku w systemie ePUAP profil zaufany mo\u017cna potwierdzi\u0107 w ci\u0105gu 14 dni w wybranych urz\u0119dach i instytucjach. Pe\u0142na lista \u201epunkt\u00f3w potwierdzaj\u0105cych\u201d udost\u0119pniona jest na stronie: Strona g\u0142\u00f3wna<br \/><strong>ePUAP<\/strong> <strong>\u00bb POTWIERD\u0179 PROFIL ZAUFANY \u00bb<\/strong> <strong>Znajd\u017a punkt potwierdzaj\u0105cy<\/strong>.<br \/><br \/>Wybrane przepisy Kodeksu post\u0119powania administracyjnego dotycz\u0105ce dokument\u00f3w elektronicznych:<br \/>Art. 14, Art. 39(1), Art. 63, Art. 46, Art. 217 \u00a7 4.<\/p><\/div>\n\t\t\t\t<\/div>\n\t\t\t\t<\/div>\n\t\t\t\t\t\t<\/div>\n\t\t\t\t\t<\/div>\n\t\t<\/div>\n\t\t\t\t\t\t\t\t<\/div>\n\t\t\t\t\t<\/div>\n\t\t<\/section>\n\t\t\t\t\t\t<\/div>\n\t\t\t\t\t\t<\/div>\n\t\t\t\t\t<\/div>\n\t\t","protected":false},"excerpt":{"rendered":"<p>W celu dostarczenia do Zespo\u0142u Edukacyjnego nr 2w Zielonej G\u00f3rze dokumentu elektronicznego, nale\u017cy zarejestrowa\u0107 si\u0119 na elektronicznej Platformie Us\u0142ug Administracji Publicznej (ePUAP) pod adresem epuap.gov.pl. Przy pomocy elektronicznej skrzynki podawczej za\u0142atwi\u0105 Pa\u0144stwo ka\u017cd\u0105 spraw\u0119 nale\u017c\u0105c\u0105 do kompetencji Zespo\u0142u Edukacyjnego nr 2 w Zielonej G\u00f3rze. Do formularza mo\u017cna dodawa\u0107 za\u0142\u0105cznikio nast\u0119puj\u0105cych rozszerzeniach: .doc, .docx, .gif, .jpg &hellip;<\/p>\n<p class=\"read-more\"> <a class=\"\" href=\"https:\/\/sp17.pl\/?page_id=5137\"> <span class=\"screen-reader-text\">EPUAP &#8211; Elektroniczna skrzynka podawcza<\/span> Czytaj wi\u0119cej<\/a><\/p>\n","protected":false},"author":1,"featured_media":0,"parent":0,"menu_order":0,"comment_status":"closed","ping_status":"closed","template":"","meta":{"ngg_post_thumbnail":0,"site-sidebar-layout":"default","site-content-layout":"","ast-site-content-layout":"","site-content-style":"default","site-sidebar-style":"default","ast-global-header-display":"","ast-banner-title-visibility":"","ast-main-header-display":"","ast-hfb-above-header-display":"","ast-hfb-below-header-display":"","ast-hfb-mobile-header-display":"","site-post-title":"","ast-breadcrumbs-content":"","ast-featured-img":"","footer-sml-layout":"","theme-transparent-header-meta":"","adv-header-id-meta":"","stick-header-meta":"","header-above-stick-meta":"","header-main-stick-meta":"","header-below-stick-meta":"","astra-migrate-meta-layouts":"default","ast-page-background-enabled":"default","ast-page-background-meta":{"desktop":{"background-color":"var(--ast-global-color-4)","background-image":"","background-repeat":"repeat","background-position":"center center","background-size":"auto","background-attachment":"scroll","background-type":"","background-media":"","overlay-type":"","overlay-color":"","overlay-gradient":""},"tablet":{"background-color":"","background-image":"","background-repeat":"repeat","background-position":"center center","background-size":"auto","background-attachment":"scroll","background-type":"","background-media":"","overlay-type":"","overlay-color":"","overlay-gradient":""},"mobile":{"background-color":"","background-image":"","background-repeat":"repeat","background-position":"center center","background-size":"auto","background-attachment":"scroll","background-type":"","background-media":"","overlay-type":"","overlay-color":"","overlay-gradient":""}},"ast-content-background-meta":{"desktop":{"background-color":"var(--ast-global-color-5)","background-image":"","background-repeat":"repeat","background-position":"center center","background-size":"auto","background-attachment":"scroll","background-type":"","background-media":"","overlay-type":"","overlay-color":"","overlay-gradient":""},"tablet":{"background-color":"var(--ast-global-color-5)","background-image":"","background-repeat":"repeat","background-position":"center center","background-size":"auto","background-attachment":"scroll","background-type":"","background-media":"","overlay-type":"","overlay-color":"","overlay-gradient":""},"mobile":{"background-color":"var(--ast-global-color-5)","background-image":"","background-repeat":"repeat","background-position":"center center","background-size":"auto","background-attachment":"scroll","background-type":"","background-media":"","overlay-type":"","overlay-color":"","overlay-gradient":""}},"footnotes":""},"_links":{"self":[{"href":"https:\/\/sp17.pl\/index.php?rest_route=\/wp\/v2\/pages\/5137"}],"collection":[{"href":"https:\/\/sp17.pl\/index.php?rest_route=\/wp\/v2\/pages"}],"about":[{"href":"https:\/\/sp17.pl\/index.php?rest_route=\/wp\/v2\/types\/page"}],"author":[{"embeddable":true,"href":"https:\/\/sp17.pl\/index.php?rest_route=\/wp\/v2\/users\/1"}],"replies":[{"embeddable":true,"href":"https:\/\/sp17.pl\/index.php?rest_route=%2Fwp%2Fv2%2Fcomments&post=5137"}],"version-history":[{"count":4,"href":"https:\/\/sp17.pl\/index.php?rest_route=\/wp\/v2\/pages\/5137\/revisions"}],"predecessor-version":[{"id":9668,"href":"https:\/\/sp17.pl\/index.php?rest_route=\/wp\/v2\/pages\/5137\/revisions\/9668"}],"wp:attachment":[{"href":"https:\/\/sp17.pl\/index.php?rest_route=%2Fwp%2Fv2%2Fmedia&parent=5137"}],"curies":[{"name":"wp","href":"https:\/\/api.w.org\/{rel}","templated":true}]}}