{"id":95,"date":"2019-10-23T20:29:41","date_gmt":"2019-10-23T18:29:41","guid":{"rendered":"https:\/\/sp17.pl\/?page_id=95"},"modified":"2026-02-28T07:51:03","modified_gmt":"2026-02-28T06:51:03","slug":"kadra","status":"publish","type":"page","link":"https:\/\/sp17.pl\/?page_id=95","title":{"rendered":"Kadra"},"content":{"rendered":"\t\t<div data-elementor-type=\"wp-page\" data-elementor-id=\"95\" class=\"elementor elementor-95\" data-elementor-settings=\"[]\">\n\t\t\t\t\t\t<div class=\"elementor-inner\">\n\t\t\t\t\t\t\t<div class=\"elementor-section-wrap\">\n\t\t\t\t\t\t\t<section class=\"elementor-section elementor-top-section elementor-element elementor-element-2f232d0d elementor-section-boxed elementor-section-height-default elementor-section-height-default\" data-id=\"2f232d0d\" data-element_type=\"section\">\n\t\t\t\t\t\t<div class=\"elementor-container elementor-column-gap-default\">\n\t\t\t\t\t\t\t<div class=\"elementor-row\">\n\t\t\t\t\t<div class=\"elementor-column elementor-col-100 elementor-top-column elementor-element elementor-element-4c318280\" data-id=\"4c318280\" data-element_type=\"column\">\n\t\t\t<div class=\"elementor-column-wrap elementor-element-populated\">\n\t\t\t\t\t\t\t<div class=\"elementor-widget-wrap\">\n\t\t\t\t\t\t<div class=\"elementor-element elementor-element-6e860496 elementor-widget elementor-widget-text-editor\" data-id=\"6e860496\" data-element_type=\"widget\" data-widget_type=\"text-editor.default\">\n\t\t\t\t<div class=\"elementor-widget-container\">\n\t\t\t\t\t<div class=\"elementor-text-editor elementor-clearfix\"><p><span style=\"font-family: helvetica, arial, sans-serif; font-size: 12pt;\"><!-- wp:tadv\/classic-paragraph --><\/span><\/p>\n<p><span style=\"font-family: helvetica, arial, sans-serif; font-size: 12pt;\">Tomasz Chmielarczyk &#8211;\u00a0<strong>dyrektor<\/strong><\/span><\/p>\n<p><span style=\"font-family: helvetica, arial, sans-serif; font-size: 12pt;\">Magdalena Otto-Dudek &#8211;\u00a0<strong>wicedyrektor<\/strong><\/span><\/p>\n<p><span style=\"font-family: helvetica, arial, sans-serif; font-size: 12pt;\">Katarzyna Walk\u00f3w &#8211;\u00a0<strong>wicedyrektor<\/strong><\/span><\/p>\n<p><span style=\"font-family: helvetica, arial, sans-serif; font-size: 12pt;\">Izabela Gruda &#8211;\u00a0<strong>wicedyrektor<\/strong><\/span><\/p>\n<p><span style=\"font-family: helvetica, arial, sans-serif; font-size: 12pt;\">Nila Sarycheva &#8211; asystent mi\u0119dzykulturowy<\/span><\/p>\n<p>\u00a0<\/p>\n<p><span style=\"font-family: helvetica, arial, sans-serif;\"><strong>EDUKACJA WCZESNOSZKOLNA<\/strong><\/span><\/p>\n<p><span style=\"font-family: helvetica, arial, sans-serif;\">\u00a0Joanna Gruszecka<\/span><br \/><span style=\"font-family: helvetica, arial, sans-serif;\">\u00a0Halina Konieczna\u00a0 \u00a0 \u00a0 \u00a0 \u00a0 \u00a0 \u00a0 \u00a0 \u00a0 \u00a0 \u00a0 \u00a0 \u00a0 \u00a0 \u00a0 \u00a0 \u00a0 \u00a0 \u00a0 \u00a0 \u00a0 \u00a0 \u00a0 \u00a0 \u00a0 \u00a0 \u00a0 \u00a0 \u00a0 \u00a0 \u00a0 \u00a0 \u00a0 \u00a0 \u00a0 \u00a0 \u00a0 \u00a0 \u00a0 \u00a0 \u00a0 \u00a0 \u00a0 \u00a0 \u00a0 \u00a0 \u00a0 \u00a0Izabela Konkiel<\/span><br \/><span style=\"font-family: helvetica, arial, sans-serif;\">\u00a0Karolina Krawczak<\/span><br \/><span style=\"font-family: helvetica, arial, sans-serif;\">\u00a0Magdalena Pietsch<\/span><br \/><span style=\"font-family: helvetica, arial, sans-serif;\">\u00a0Marlena Sommer-Gibowska<\/span><br \/><span style=\"font-family: helvetica, arial, sans-serif;\">\u00a0Anna Stroynowska<\/span><br \/><span style=\"font-family: helvetica, arial, sans-serif;\">\u00a0Agnieszka Szczukowska<\/span><br \/><span style=\"font-family: helvetica, arial, sans-serif;\">\u00a0Magdalena Zieli\u0144ska\u00a0 \u00a0 \u00a0 \u00a0 \u00a0 \u00a0 \u00a0 \u00a0 \u00a0 \u00a0 \u00a0 \u00a0 \u00a0 \u00a0 \u00a0 \u00a0 \u00a0 \u00a0 \u00a0 \u00a0 \u00a0 \u00a0 \u00a0 \u00a0 \u00a0 \u00a0 \u00a0 \u00a0 \u00a0 \u00a0 \u00a0 \u00a0 \u00a0 \u00a0 \u00a0 \u00a0 \u00a0 \u00a0 \u00a0 \u00a0 \u00a0 \u00a0 \u00a0\u00a0<\/span><\/p>\n<p>\u00a0<\/p>\n<p><strong><span style=\"font-family: helvetica, arial, sans-serif; font-size: 12pt;\">J\u0118ZYK POLSKI<\/span><\/strong><\/p>\n<p><span style=\"font-family: helvetica, arial, sans-serif; font-size: 12pt; font-style: inherit; font-weight: inherit;\">\u00a0Alicja Kaniuka-Drozdek\u00a0 \u00a0 \u00a0 \u00a0 \u00a0 \u00a0 \u00a0 \u00a0 \u00a0 \u00a0 \u00a0 \u00a0 \u00a0 \u00a0 \u00a0 \u00a0 \u00a0 \u00a0 \u00a0 \u00a0 \u00a0 \u00a0 \u00a0 \u00a0 \u00a0 \u00a0 \u00a0 \u00a0 \u00a0 \u00a0 \u00a0 \u00a0 \u00a0 \u00a0 \u00a0 \u00a0 \u00a0 \u00a0 \u00a0 \u00a0 \u00a0 \u00a0 \u00a0 \u00a0 \u00a0<\/span><span style=\"font-family: helvetica, arial, sans-serif; font-size: 12pt; font-style: inherit; font-weight: inherit;\">Beata Mi\u0142adowska\u00a0 \u00a0 \u00a0 \u00a0 \u00a0 \u00a0 \u00a0 \u00a0 \u00a0 \u00a0 \u00a0 \u00a0 \u00a0 \u00a0 \u00a0 \u00a0 \u00a0 \u00a0 \u00a0 \u00a0 \u00a0 \u00a0 \u00a0 \u00a0 \u00a0 \u00a0 \u00a0 \u00a0 \u00a0 \u00a0 \u00a0 \u00a0 \u00a0 \u00a0 \u00a0 \u00a0 \u00a0 \u00a0 \u00a0 \u00a0 \u00a0 \u00a0 \u00a0 \u00a0 \u00a0 \u00a0 \u00a0 \u00a0<\/span><span style=\"font-family: helvetica, arial, sans-serif; font-size: 12pt;\">Kamila Najdek\u00a0 \u00a0 \u00a0 \u00a0 \u00a0 \u00a0 \u00a0 \u00a0 \u00a0 \u00a0 \u00a0 \u00a0 \u00a0 \u00a0 \u00a0 \u00a0 \u00a0 \u00a0 \u00a0 \u00a0 \u00a0 \u00a0 \u00a0 \u00a0 \u00a0 \u00a0 \u00a0 \u00a0 \u00a0 \u00a0 \u00a0 \u00a0 \u00a0 \u00a0 \u00a0 \u00a0 \u00a0 \u00a0 \u00a0 \u00a0 \u00a0 \u00a0 \u00a0 \u00a0 \u00a0 \u00a0 \u00a0 \u00a0<\/span><span style=\"font-family: helvetica, arial, sans-serif; font-size: 12pt;\">Magdalena Otto-Dudek\u00a0 \u00a0 \u00a0 \u00a0 \u00a0 \u00a0 \u00a0 \u00a0 \u00a0 \u00a0 \u00a0 \u00a0 \u00a0 \u00a0 \u00a0 \u00a0 \u00a0 \u00a0 \u00a0 \u00a0 \u00a0 \u00a0 \u00a0 \u00a0 \u00a0 \u00a0 \u00a0 \u00a0 \u00a0 \u00a0 \u00a0 \u00a0 \u00a0 \u00a0 \u00a0 \u00a0 \u00a0 \u00a0 \u00a0 \u00a0 \u00a0 \u00a0<\/span><span style=\"font-family: helvetica, arial, sans-serif; font-size: 12pt; font-style: inherit; font-weight: inherit;\">Marzena \u015awitek<\/span><\/p>\n<p><span style=\"font-family: helvetica, arial, sans-serif; font-size: 12pt;\">\u00a0 \u00a0 \u00a0 \u00a0 \u00a0 \u00a0 \u00a0 \u00a0 \u00a0 \u00a0 \u00a0 \u00a0 \u00a0 \u00a0 \u00a0 \u00a0 \u00a0 \u00a0 \u00a0 \u00a0 \u00a0 \u00a0 \u00a0 \u00a0 \u00a0 \u00a0 \u00a0 \u00a0 \u00a0 \u00a0 \u00a0 \u00a0 \u00a0 \u00a0 \u00a0 \u00a0 \u00a0 \u00a0 \u00a0 \u00a0 \u00a0 \u00a0 \u00a0 \u00a0 \u00a0 \u00a0 \u00a0 \u00a0 \u00a0\u00a0<\/span><\/p>\n<p><strong><span style=\"font-family: helvetica, arial, sans-serif; font-size: 12pt;\">J\u0118ZYK ANGIELSKI<\/span><\/strong><\/p>\n<p><span style=\"font-family: helvetica, arial, sans-serif; font-size: 12pt;\">Renata Bator <br \/>Ewelina \u015aliwa<br \/>Agnieszka M\u0105kol<br \/>Roksana P\u0142atek-Krzykawska<br \/>Natalia So\u0142tys<\/span><\/p>\n<p>\u00a0<\/p>\n<p><strong><span style=\"font-family: helvetica, arial, sans-serif; font-size: 12pt;\">J\u0118ZYK NIEMECKI<\/span><\/strong><\/p>\n<p><span style=\"font-family: helvetica, arial, sans-serif; font-size: 12pt;\">Agata Pizior <\/span><\/p>\n<p>\u00a0<\/p>\n<p><strong><span style=\"font-family: helvetica, arial, sans-serif; font-size: 12pt;\">HISTORIA<\/span><\/strong><\/p>\n<p><span style=\"font-family: helvetica, arial, sans-serif; font-size: 12pt;\">Joanna Nowak- Wojew\u00f3dzka<br \/><\/span><span style=\"font-family: helvetica, arial, sans-serif; font-size: 12pt;\">Krzysztof Wo\u017aniak<\/span><\/p>\n<p>\u00a0<\/p>\n<p><strong><span style=\"font-family: helvetica, arial, sans-serif; font-size: 12pt;\">WIEDZA O SPO\u0141ECZE\u0143STWIE\u00a0<\/span><\/strong><\/p>\n<p><span style=\"font-family: helvetica, arial, sans-serif; font-size: 12pt;\">Krzysztof Wo\u017aniak<\/span><\/p>\n<p>\u00a0<\/p>\n<p><strong><span style=\"font-family: helvetica, arial, sans-serif; font-size: 12pt;\">MATEMATYKA<\/span><\/strong><\/p>\n<p><span style=\"font-family: helvetica, arial, sans-serif; font-size: 12pt;\">Anna Drapikowska<br \/>Agnieszka Spiak\u00a0 \u00a0 \u00a0 \u00a0 \u00a0 \u00a0 \u00a0 \u00a0 \u00a0 \u00a0 \u00a0 \u00a0 \u00a0 \u00a0 \u00a0 \u00a0 \u00a0 \u00a0 \u00a0 \u00a0 \u00a0 \u00a0 \u00a0 \u00a0 \u00a0 \u00a0 \u00a0 \u00a0 \u00a0 \u00a0 \u00a0 \u00a0 \u00a0 \u00a0 \u00a0 \u00a0 \u00a0 \u00a0 \u00a0 \u00a0 \u00a0 \u00a0 \u00a0 \u00a0 \u00a0 \u00a0 \u00a0 \u00a0 \u0141ukasz Szyd\u0142owski<\/span><span style=\"font-family: helvetica, arial, sans-serif; font-size: 12pt;\"><br \/><span style=\"font-size: 16px; font-style: normal; font-weight: 400;\">Dorota Wn\u0119k<\/span><\/span><\/p>\n<p><span style=\"font-family: helvetica, arial, sans-serif; font-size: 12pt;\">\u00a0 \u00a0 \u00a0 \u00a0 \u00a0 \u00a0 \u00a0 \u00a0 \u00a0 \u00a0 \u00a0 \u00a0 \u00a0 \u00a0 \u00a0 \u00a0 \u00a0 \u00a0 \u00a0 \u00a0 \u00a0 \u00a0 \u00a0 \u00a0 \u00a0 \u00a0 \u00a0 \u00a0 \u00a0 \u00a0 \u00a0 \u00a0 \u00a0 \u00a0 \u00a0 \u00a0<\/span><\/p>\n<p><span style=\"font-family: helvetica, arial, sans-serif; font-size: 12pt;\"><strong>PRZYRODA I BIOLOGIA<\/strong><\/span><\/p>\n<p><span style=\"font-family: helvetica, arial, sans-serif;\">Julitta Jusianiec<\/span><br \/><span style=\"font-family: helvetica, arial, sans-serif;\">Aleksandra Markowska<\/span><\/p>\n<p>\u00a0<\/p>\n<p><strong><span style=\"font-family: helvetica, arial, sans-serif; font-size: 12pt;\">GEOGRAFIA<\/span><\/strong><\/p>\n<p><span style=\"font-family: helvetica, arial, sans-serif; font-size: 12pt;\">Krzysztof Wo\u017aniak<\/span><\/p>\n<p>\u00a0<\/p>\n<p><strong><span style=\"font-family: helvetica, arial, sans-serif; font-size: 12pt;\">FIZYKA<\/span><\/strong><\/p>\n<p><span style=\"font-family: helvetica, arial, sans-serif; font-size: 12pt;\">Emilia Jachimowicz\u00a0 \u00a0 \u00a0 \u00a0 \u00a0 \u00a0 \u00a0 \u00a0 \u00a0 \u00a0 \u00a0 \u00a0 \u00a0 \u00a0 \u00a0 \u00a0 \u00a0 \u00a0 \u00a0 \u00a0 \u00a0 \u00a0 \u00a0 \u00a0 \u00a0 \u00a0 \u00a0 \u00a0 \u00a0 \u00a0 \u00a0 \u00a0 \u00a0 \u00a0 \u00a0 \u00a0 \u00a0 \u00a0 \u00a0 \u00a0 \u00a0 \u00a0 \u00a0 \u00a0 \u00a0 \u00a0 \u00a0 \u00a0 \u00a0 \u00a0 \u00a0 \u00a0 \u00a0\u00a0<\/span><\/p>\n<p><strong><span style=\"font-family: helvetica, arial, sans-serif; font-size: 12pt;\">CHEMIA<\/span><\/strong><\/p>\n<p><span style=\"font-family: helvetica, arial, sans-serif; font-size: 12pt;\">Aleksandra Markowska<\/span><\/p>\n<p>\u00a0<\/p>\n<p><strong><span style=\"font-family: helvetica, arial, sans-serif; font-size: 12pt;\">\u00a0PLASTYKA\u00a0<\/span><\/strong><\/p>\n<p><span style=\"font-family: helvetica, arial, sans-serif; font-size: 12pt;\">Anna Mazurkiewicz<\/span><\/p>\n<p>\u00a0<\/p>\n<p><strong><span style=\"font-family: helvetica, arial, sans-serif; font-size: 12pt;\">MUZYKA<\/span><\/strong><\/p>\n<p><span style=\"font-family: helvetica, arial, sans-serif; font-size: 12pt;\">Agnieszka \u0141adysz<\/span><\/p>\n<p>\u00a0<\/p>\n<p><strong><span style=\"font-family: helvetica, arial, sans-serif; font-size: 12pt;\">INFORMATYKA, TECHNIKA<\/span><\/strong><\/p>\n<p><span style=\"font-family: helvetica, arial, sans-serif; font-size: 12pt;\">Damian Ku\u015bmierek<br \/>Anna Moroz<\/span><\/p>\n<p>\u00a0<\/p>\n<p><strong><span style=\"font-family: helvetica, arial, sans-serif; font-size: 12pt;\">WYCHOWANIE FIZYCZNE<\/span><\/strong><\/p>\n<p><span style=\"font-family: helvetica, arial, sans-serif; font-size: 12pt;\">Mieczys\u0142awa Idzikowska<br \/>Ewa Wo\u017aniak<br \/>Violetta Zawartko<\/span><\/p>\n<p>\u00a0<\/p>\n<p><strong><span style=\"font-family: helvetica, arial, sans-serif; font-size: 12pt;\">RELIGIA<\/span><\/strong><\/p>\n<p><span style=\"font-family: helvetica, arial, sans-serif; font-size: 12pt;\">\u00a0Ma\u0142gorzata Guty\u00a0 \u00a0 \u00a0 \u00a0 \u00a0 \u00a0 \u00a0 \u00a0 \u00a0 \u00a0 \u00a0 \u00a0 \u00a0 \u00a0 \u00a0 \u00a0 \u00a0 \u00a0 \u00a0 \u00a0 \u00a0 \u00a0 \u00a0 \u00a0 \u00a0 \u00a0 \u00a0 \u00a0 \u00a0 \u00a0 \u00a0 \u00a0 \u00a0 \u00a0 \u00a0 \u00a0 \u00a0 \u00a0 \u00a0 \u00a0 \u00a0 \u00a0 \u00a0 \u00a0 \u00a0 \u00a0 \u00a0 \u00a0 \u00a0 \u00a0 \u00a0 \u00a0ks. Pawe\u0142 Grzesiak<\/span><\/p>\n<p><span style=\"font-family: helvetica, arial, sans-serif; font-size: 12pt;\">\u00a0<\/span><\/p>\n<p><span style=\"font-family: helvetica, arial, sans-serif; font-size: 12pt;\">\u00a0<\/span><strong style=\"font-style: inherit;\"><span style=\"font-family: helvetica, arial, sans-serif; font-size: 12pt;\">BIBLIOTEKA<\/span><\/strong><\/p>\n<p><span style=\"font-family: helvetica, arial, sans-serif; font-size: 12pt;\">Jadwiga Moroz<br \/><\/span><span style=\"font-family: helvetica, arial, sans-serif; font-size: 12pt;\">Kamila Forysiak<\/span><\/p>\n<p><span style=\"font-family: helvetica, arial, sans-serif; font-size: 12pt;\">\u00a0<\/span><\/p>\n<p><strong><span style=\"font-family: helvetica, arial, sans-serif; font-size: 12pt;\">\u00a0<\/span><\/strong><strong style=\"font-style: inherit;\"><span style=\"font-family: helvetica, arial, sans-serif; font-size: 12pt;\">\u015aWIETLICA<\/span><\/strong><\/p>\n<p><span style=\"font-family: helvetica, arial, sans-serif; font-size: 12pt;\">\u00a0Dagmara Wytrykus<br \/>\u00a0Monika Zarzycka<br \/>\u00a0Anna Moroz<br \/>\u00a0Marta Rybicka-Grzesiak<br \/>\u00a0Emilia Szajkowska\u00a0 \u00a0 \u00a0 \u00a0 \u00a0 \u00a0 \u00a0 \u00a0 \u00a0 \u00a0 \u00a0 \u00a0 \u00a0 \u00a0 \u00a0 \u00a0 \u00a0 \u00a0 \u00a0 \u00a0 \u00a0 \u00a0 \u00a0 \u00a0 \u00a0 \u00a0 \u00a0 \u00a0 \u00a0 \u00a0 \u00a0 \u00a0 \u00a0 \u00a0 \u00a0\u00a0<\/span><span style=\"font-family: helvetica, arial, sans-serif; font-size: 12pt;\">\u00a0 \u00a0 \u00a0 \u00a0 \u00a0 \u00a0 \u00a0 \u00a0 \u00a0 \u00a0<\/span><span style=\"font-family: helvetica, arial, sans-serif; font-size: 16px; font-style: normal; font-weight: 400;\">Michalina Zaj\u0105c\u00a0 \u00a0 \u00a0 \u00a0 \u00a0 \u00a0 \u00a0 \u00a0 \u00a0 \u00a0 \u00a0 \u00a0 \u00a0 \u00a0 \u00a0 \u00a0 \u00a0 \u00a0 \u00a0 \u00a0 \u00a0 \u00a0 \u00a0 \u00a0 \u00a0 \u00a0 \u00a0 \u00a0 \u00a0 \u00a0 \u00a0 \u00a0 \u00a0 \u00a0 \u00a0 \u00a0 \u00a0 \u00a0 \u00a0 \u00a0 \u00a0 \u00a0 \u00a0 \u00a0 \u00a0 \u00a0Magdalena Klomp<\/span><\/p>\n<p><strong><span style=\"font-family: helvetica, arial, sans-serif; font-size: 12pt;\">\u00a0<\/span><\/strong><\/p>\n<p><strong><span style=\"font-family: helvetica, arial, sans-serif; font-size: 12pt;\">DORADZTWO ZAWODOWE<\/span><\/strong><\/p>\n<p><span style=\"font-family: helvetica, arial, sans-serif; font-size: 12pt;\">Kamila Forysiak<\/span><\/p>\n<p><strong><span style=\"font-family: helvetica, arial, sans-serif; font-size: 12pt;\">\u00a0<\/span><\/strong><\/p>\n<p><strong><span style=\"font-family: helvetica, arial, sans-serif; font-size: 12pt;\">WYCHOWANIE DO \u017bYCIA W RODZINIE<\/span><\/strong><\/p>\n<p><span style=\"font-family: helvetica, arial, sans-serif; font-size: 12pt;\">\u00a0Ewa Wo\u017aniak<\/span><\/p>\n<p><span style=\"font-family: helvetica, arial, sans-serif; font-size: 12pt;\">\u00a0<\/span><\/p>\n<p><span style=\"font-family: helvetica, arial, sans-serif; font-size: 12pt;\"><strong>NAUCZYCIELE WSP\u00d3\u0141ORGANIZUJ\u0104CY KSZTA\u0141CENIE\u00a0<\/strong><\/span><\/p>\n<p><span style=\"font-family: helvetica, arial, sans-serif;\">\u00a0Magdalena Mazur\u00a0 \u00a0 \u00a0 \u00a0 \u00a0 \u00a0 \u00a0 \u00a0 \u00a0 \u00a0 \u00a0 \u00a0 \u00a0 \u00a0 \u00a0 \u00a0 \u00a0 \u00a0 \u00a0 \u00a0 \u00a0 \u00a0 \u00a0 \u00a0 \u00a0 \u00a0 \u00a0 \u00a0 \u00a0 \u00a0 \u00a0 \u00a0 \u00a0 \u00a0 \u00a0 \u00a0 \u00a0 \u00a0 \u00a0 \u00a0 \u00a0 \u00a0 \u00a0 \u00a0 \u00a0 \u00a0 \u00a0 \u00a0 \u00a0 \u00a0Ewa Moszy\u0144ska<\/span><br \/><span style=\"font-family: helvetica, arial, sans-serif;\">\u00a0Iwona Perwi\u0144ska\u00a0 \u00a0 \u00a0 \u00a0 \u00a0 \u00a0 \u00a0 \u00a0 \u00a0 \u00a0 \u00a0 \u00a0 \u00a0 \u00a0 \u00a0 \u00a0 \u00a0 \u00a0 \u00a0 \u00a0 \u00a0 \u00a0 \u00a0 \u00a0 \u00a0 \u00a0 \u00a0 \u00a0 \u00a0 \u00a0 \u00a0 \u00a0 \u00a0 \u00a0 \u00a0 \u00a0 \u00a0 \u00a0<\/span><br \/><span style=\"font-family: helvetica, arial, sans-serif;\">\u00a0Ilona Poszwa\u00a0 \u00a0 \u00a0 \u00a0 \u00a0 \u00a0 \u00a0 \u00a0 \u00a0 \u00a0 \u00a0 \u00a0 \u00a0 \u00a0 \u00a0 \u00a0 \u00a0 \u00a0 \u00a0 \u00a0 \u00a0 \u00a0 \u00a0 \u00a0 \u00a0 \u00a0 \u00a0 \u00a0 \u00a0 \u00a0 \u00a0 \u00a0 \u00a0 \u00a0 \u00a0 \u00a0 \u00a0 \u00a0 \u00a0 \u00a0 \u00a0 \u00a0 \u00a0 \u00a0 \u00a0 \u00a0 \u00a0 \u00a0 \u00a0 \u00a0 \u00a0 \u00a0 \u00a0 \u00a0Ilona Puchowicz\u00a0 \u00a0 \u00a0 \u00a0 \u00a0 \u00a0 \u00a0 \u00a0 \u00a0 \u00a0 \u00a0 \u00a0 \u00a0 \u00a0 \u00a0 \u00a0 \u00a0 \u00a0 \u00a0 \u00a0 \u00a0 \u00a0 \u00a0 \u00a0 \u00a0 \u00a0 \u00a0 \u00a0 \u00a0 \u00a0 \u00a0 \u00a0 \u00a0 \u00a0 \u00a0 \u00a0 \u00a0 \u00a0 \u00a0 \u00a0 \u00a0 \u00a0 \u00a0 \u00a0 \u00a0 \u00a0 \u00a0Agnieszka Szczukowska\u00a0 \u00a0 \u00a0 \u00a0 \u00a0 \u00a0 \u00a0 \u00a0 \u00a0 \u00a0 \u00a0 \u00a0 \u00a0 \u00a0 \u00a0 \u00a0 \u00a0 \u00a0 \u00a0 \u00a0 \u00a0 \u00a0 \u00a0 \u00a0 \u00a0 \u00a0 \u00a0 \u00a0 \u00a0 \u00a0 \u00a0 \u00a0 \u00a0 \u00a0 \u00a0 \u00a0 \u00a0 \u00a0 \u00a0 \u00a0 \u00a0 \u00a0 \u00a0 \u00a0Daria Tram\u015b\u00a0 \u00a0 \u00a0 \u00a0 \u00a0 \u00a0 \u00a0 \u00a0 \u00a0 \u00a0 \u00a0 \u00a0 \u00a0 \u00a0 \u00a0 \u00a0 \u00a0 \u00a0 \u00a0 \u00a0 \u00a0 \u00a0 \u00a0 \u00a0 \u00a0 \u00a0 \u00a0 \u00a0 \u00a0 \u00a0 \u00a0 \u00a0 \u00a0 \u00a0 \u00a0 \u00a0 \u00a0 \u00a0 \u00a0 \u00a0 \u00a0 \u00a0 \u00a0 \u00a0 \u00a0 \u00a0 \u00a0 \u00a0 \u00a0 \u00a0 \u00a0 \u00a0 \u00a0Edyta Wieczorek<\/span><br \/><span style=\"font-family: helvetica, arial, sans-serif;\">\u00a0Anna Wolszczak<\/span><br \/><span style=\"font-family: helvetica, arial, sans-serif;\">\u00a0Justyna W\u00f3jcik<\/span><br \/><br \/><span style=\"font-family: helvetica, arial, sans-serif;\">\u00a0 \u00a0 \u00a0 \u00a0 \u00a0 \u00a0 \u00a0 \u00a0 \u00a0 \u00a0 \u00a0 \u00a0 \u00a0 \u00a0 \u00a0 \u00a0 \u00a0 \u00a0 \u00a0 \u00a0 \u00a0 \u00a0 \u00a0 \u00a0 \u00a0 \u00a0 \u00a0 \u00a0 \u00a0 \u00a0 \u00a0 \u00a0 \u00a0 \u00a0 \u00a0 \u00a0 \u00a0 \u00a0 \u00a0 \u00a0 \u00a0 \u00a0 \u00a0 \u00a0 \u00a0 \u00a0 \u00a0 \u00a0\u00a0<\/span><br \/><span style=\"font-family: helvetica, arial, sans-serif; font-size: 12pt;\"><b>PEDAGOG<\/b><\/span><\/p>\n<p><span style=\"font-family: helvetica, arial, sans-serif; font-size: 12pt;\">Ma\u0142gorzata P\u0142\u00f3ciennik<\/span><\/p>\n<p>\u00a0<\/p>\n<p><strong><span style=\"font-family: helvetica, arial, sans-serif;\"><span style=\"font-family: helvetica, arial, sans-serif; font-size: 12pt;\"><b>PEDAGOG SPECJALNY<\/b><\/span><\/span><\/strong><\/p>\n<p><span style=\"font-family: helvetica, arial, sans-serif;\">Wioletta Waniowska-Muzio\u0142<\/span><\/p>\n<p>\u00a0<\/p>\n<p><strong><span style=\"font-family: helvetica, arial, sans-serif; font-size: 12pt;\">PSYCHOLOG<\/span><\/strong><\/p>\n<p><span style=\"font-family: helvetica, arial, sans-serif; font-size: 12pt;\">Karolina Ba\u0144bura-Chytra<\/span><\/p>\n<p>\u00a0<\/p>\n<p><strong><span style=\"font-family: helvetica, arial, sans-serif; font-size: 12pt;\">LOGOPEDA<\/span><\/strong><\/p>\n<p><span style=\"font-family: helvetica, arial, sans-serif; font-size: 12pt;\">Adrianna G\u0142uszyk<\/span><\/p>\n<p>\u00a0<\/p>\n<p><strong><span style=\"font-family: helvetica, arial, sans-serif; font-size: 12pt;\">TERAPEUTA<\/span><\/strong><\/p>\n<p><span style=\"font-family: helvetica, arial, sans-serif; font-size: 12pt;\">Grzegorz Witkowski<br \/><br \/><\/span><\/p>\n<p><span style=\"font-family: verdana, geneva, sans-serif;\"><!-- \/wp:tadv\/classic-paragraph --><\/span><\/p>\n<p><!-- wp:tadv\/classic-paragraph \/--><\/p><\/div>\n\t\t\t\t<\/div>\n\t\t\t\t<\/div>\n\t\t\t\t\t\t<\/div>\n\t\t\t\t\t<\/div>\n\t\t<\/div>\n\t\t\t\t\t\t\t\t<\/div>\n\t\t\t\t\t<\/div>\n\t\t<\/section>\n\t\t\t\t\t\t<\/div>\n\t\t\t\t\t\t<\/div>\n\t\t\t\t\t<\/div>\n\t\t","protected":false},"excerpt":{"rendered":"<p>Tomasz Chmielarczyk &#8211;\u00a0dyrektor Magdalena Otto-Dudek &#8211;\u00a0wicedyrektor Katarzyna Walk\u00f3w &#8211;\u00a0wicedyrektor Izabela Gruda &#8211;\u00a0wicedyrektor Nila Sarycheva &#8211; asystent mi\u0119dzykulturowy \u00a0 EDUKACJA WCZESNOSZKOLNA \u00a0Joanna Gruszecka\u00a0Halina Konieczna\u00a0 \u00a0 \u00a0 \u00a0 \u00a0 \u00a0 \u00a0 \u00a0 \u00a0 \u00a0 \u00a0 \u00a0 \u00a0 \u00a0 \u00a0 \u00a0 \u00a0 \u00a0 \u00a0 \u00a0 \u00a0 \u00a0 \u00a0 \u00a0 \u00a0 \u00a0 \u00a0 \u00a0 \u00a0 \u00a0 \u00a0 \u00a0 \u00a0 &hellip;<\/p>\n<p class=\"read-more\"> <a class=\"\" href=\"https:\/\/sp17.pl\/?page_id=95\"> <span class=\"screen-reader-text\">Kadra<\/span> Czytaj wi\u0119cej<\/a><\/p>\n","protected":false},"author":1,"featured_media":0,"parent":0,"menu_order":2,"comment_status":"closed","ping_status":"closed","template":"","meta":{"ngg_post_thumbnail":0,"site-sidebar-layout":"default","site-content-layout":"","ast-site-content-layout":"","site-content-style":"default","site-sidebar-style":"default","ast-global-header-display":"","ast-banner-title-visibility":"","ast-main-header-display":"","ast-hfb-above-header-display":"","ast-hfb-below-header-display":"","ast-hfb-mobile-header-display":"","site-post-title":"","ast-breadcrumbs-content":"","ast-featured-img":"","footer-sml-layout":"","theme-transparent-header-meta":"","adv-header-id-meta":"","stick-header-meta":"","header-above-stick-meta":"","header-main-stick-meta":"","header-below-stick-meta":"","astra-migrate-meta-layouts":"default","ast-page-background-enabled":"default","ast-page-background-meta":{"desktop":{"background-color":"var(--ast-global-color-4)","background-image":"","background-repeat":"repeat","background-position":"center center","background-size":"auto","background-attachment":"scroll","background-type":"","background-media":"","overlay-type":"","overlay-color":"","overlay-gradient":""},"tablet":{"background-color":"","background-image":"","background-repeat":"repeat","background-position":"center center","background-size":"auto","background-attachment":"scroll","background-type":"","background-media":"","overlay-type":"","overlay-color":"","overlay-gradient":""},"mobile":{"background-color":"","background-image":"","background-repeat":"repeat","background-position":"center center","background-size":"auto","background-attachment":"scroll","background-type":"","background-media":"","overlay-type":"","overlay-color":"","overlay-gradient":""}},"ast-content-background-meta":{"desktop":{"background-color":"var(--ast-global-color-5)","background-image":"","background-repeat":"repeat","background-position":"center center","background-size":"auto","background-attachment":"scroll","background-type":"","background-media":"","overlay-type":"","overlay-color":"","overlay-gradient":""},"tablet":{"background-color":"var(--ast-global-color-5)","background-image":"","background-repeat":"repeat","background-position":"center center","background-size":"auto","background-attachment":"scroll","background-type":"","background-media":"","overlay-type":"","overlay-color":"","overlay-gradient":""},"mobile":{"background-color":"var(--ast-global-color-5)","background-image":"","background-repeat":"repeat","background-position":"center center","background-size":"auto","background-attachment":"scroll","background-type":"","background-media":"","overlay-type":"","overlay-color":"","overlay-gradient":""}},"footnotes":""},"_links":{"self":[{"href":"https:\/\/sp17.pl\/index.php?rest_route=\/wp\/v2\/pages\/95"}],"collection":[{"href":"https:\/\/sp17.pl\/index.php?rest_route=\/wp\/v2\/pages"}],"about":[{"href":"https:\/\/sp17.pl\/index.php?rest_route=\/wp\/v2\/types\/page"}],"author":[{"embeddable":true,"href":"https:\/\/sp17.pl\/index.php?rest_route=\/wp\/v2\/users\/1"}],"replies":[{"embeddable":true,"href":"https:\/\/sp17.pl\/index.php?rest_route=%2Fwp%2Fv2%2Fcomments&post=95"}],"version-history":[{"count":37,"href":"https:\/\/sp17.pl\/index.php?rest_route=\/wp\/v2\/pages\/95\/revisions"}],"predecessor-version":[{"id":11781,"href":"https:\/\/sp17.pl\/index.php?rest_route=\/wp\/v2\/pages\/95\/revisions\/11781"}],"wp:attachment":[{"href":"https:\/\/sp17.pl\/index.php?rest_route=%2Fwp%2Fv2%2Fmedia&parent=95"}],"curies":[{"name":"wp","href":"https:\/\/api.w.org\/{rel}","templated":true}]}}