{"id":9915,"date":"2024-02-20T18:28:04","date_gmt":"2024-02-20T17:28:04","guid":{"rendered":"https:\/\/sp17.pl\/?page_id=9915"},"modified":"2026-03-05T10:52:13","modified_gmt":"2026-03-05T09:52:13","slug":"nabor","status":"publish","type":"page","link":"https:\/\/sp17.pl\/?page_id=9915","title":{"rendered":"Nab\u00f3r"},"content":{"rendered":"\t\t<div data-elementor-type=\"wp-page\" data-elementor-id=\"9915\" class=\"elementor elementor-9915\" data-elementor-settings=\"[]\">\n\t\t\t\t\t\t<div class=\"elementor-inner\">\n\t\t\t\t\t\t\t<div class=\"elementor-section-wrap\">\n\t\t\t\t\t\t\t<section class=\"elementor-section elementor-top-section elementor-element elementor-element-c474648 elementor-section-boxed elementor-section-height-default elementor-section-height-default\" data-id=\"c474648\" data-element_type=\"section\">\n\t\t\t\t\t\t<div class=\"elementor-container elementor-column-gap-default\">\n\t\t\t\t\t\t\t<div class=\"elementor-row\">\n\t\t\t\t\t<div class=\"elementor-column elementor-col-100 elementor-top-column elementor-element elementor-element-e6e41dc\" data-id=\"e6e41dc\" data-element_type=\"column\">\n\t\t\t<div class=\"elementor-column-wrap elementor-element-populated\">\n\t\t\t\t\t\t\t<div class=\"elementor-widget-wrap\">\n\t\t\t\t\t\t<div class=\"elementor-element elementor-element-d3da57e elementor-widget elementor-widget-heading\" data-id=\"d3da57e\" data-element_type=\"widget\" data-widget_type=\"heading.default\">\n\t\t\t\t<div class=\"elementor-widget-container\">\n\t\t\t<h2 class=\"elementor-heading-title elementor-size-default\">NAB\u00d3R<\/h2>\t\t<\/div>\n\t\t\t\t<\/div>\n\t\t\t\t\t\t<\/div>\n\t\t\t\t\t<\/div>\n\t\t<\/div>\n\t\t\t\t\t\t\t\t<\/div>\n\t\t\t\t\t<\/div>\n\t\t<\/section>\n\t\t\t\t<section class=\"elementor-section elementor-top-section elementor-element elementor-element-de7eef1 elementor-section-boxed elementor-section-height-default elementor-section-height-default\" data-id=\"de7eef1\" data-element_type=\"section\">\n\t\t\t\t\t\t<div class=\"elementor-container elementor-column-gap-default\">\n\t\t\t\t\t\t\t<div class=\"elementor-row\">\n\t\t\t\t\t<div class=\"make-column-clickable-elementor elementor-column elementor-col-33 elementor-top-column elementor-element elementor-element-e36073e\" style=\"cursor: pointer;\" data-column-clickable=\"https:\/\/www.mp9.ze2.pl\/index.php?option=com_content&amp;view=article&amp;id=41&amp;Itemid=150\" data-column-clickable-blank=\"_blank\" data-id=\"e36073e\" data-element_type=\"column\">\n\t\t\t<div class=\"elementor-column-wrap elementor-element-populated\">\n\t\t\t\t\t\t\t<div class=\"elementor-widget-wrap\">\n\t\t\t\t\t\t<div class=\"elementor-element elementor-element-f57db6f elementor-view-default elementor-position-top elementor-vertical-align-top elementor-invisible elementor-widget elementor-widget-icon-box\" data-id=\"f57db6f\" data-element_type=\"widget\" data-settings=\"{&quot;_animation&quot;:&quot;fadeInDown&quot;}\" data-widget_type=\"icon-box.default\">\n\t\t\t\t<div class=\"elementor-widget-container\">\n\t\t\t\t\t<div class=\"elementor-icon-box-wrapper\">\n\t\t\t\t\t\t<div class=\"elementor-icon-box-icon\">\n\t\t\t\t<span class=\"elementor-icon elementor-animation-grow\" >\n\t\t\t\t<svg xmlns=\"http:\/\/www.w3.org\/2000\/svg\" xmlns:xlink=\"http:\/\/www.w3.org\/1999\/xlink\" id=\"Warstwa_1\" x=\"0px\" y=\"0px\" viewBox=\"0 0 512 512\" style=\"enable-background:new 0 0 512 512;\" xml:space=\"preserve\">\n<style type=\"text\/css\">\n\t.st0{fill:#FFFFFF;}\n<\/style>\n<g transform=\"translate(0.000000,512.000000) scale(0.100000,-0.100000)\">\n\t<path class=\"st0\" d=\"M980,5101c-19-10-45-36-57-57l-23-39V3812c0-657-3-1192-7-1190c-155,78-290,96-437,58c-113-29-190-73-276-160   c-87-86-131-163-160-276c-36-141-18-294,52-427c42-81,164-203,245-245c238-125,515-82,703,107c87,87,131,164,160,277   c19,75,20,115,20,1298v1221l41-50c85-103,369-374,498-475c74-58,157-123,185-146c211-168,234-468,50-664c-74-79-214-140-320-140   c-80,0-154-72-154-150c0-51,35-107,82-131c37-19,53-21,120-16c323,25,588,245,675,561c12,43,17,100,17,191c0,121-2,137-32,225   c-60,174-138,274-327,419c-159,123-241,194-349,299c-184,181-249,262-423,522c-88,133-117,168-147,183   C1069,5125,1024,5125,980,5101z\"><\/path>\n\t<path class=\"st0\" d=\"M3865,3594c-588-167-1081-310-1095-318s-35-31-47-53l-23-38V2152c0-569-3-1032-7-1030c-155,78-290,96-437,58   c-113-29-190-73-276-160c-87-86-131-163-160-276c-36-141-18-294,52-427c42-81,164-203,245-245c238-125,515-82,703,107   c87,87,131,164,160,277c19,74,20,114,20,1029v951l898,254c493,139,903,255,910,258c9,3,12-124,12-613c0-339-3-615-7-613   c-155,78-290,96-437,58c-113-29-190-73-276-160c-87-86-131-163-160-276c-36-141-18-294,52-427c42-81,164-203,245-245   c238-125,515-82,703,107c87,87,131,164,160,277c19,75,20,115,20,1403c0,1272-1,1328-19,1361c-22,43-84,80-131,79   C4951,3898,4454,3761,3865,3594z\"><\/path>\n<\/g>\n<\/svg>\t\t\t\t<\/span>\n\t\t\t<\/div>\n\t\t\t\t\t\t<div class=\"elementor-icon-box-content\">\n\t\t\t\t<h3 class=\"elementor-icon-box-title\">\n\t\t\t\t\t<span >Miejskie Przedszkole nr 9<\/span>\n\t\t\t\t<\/h3>\n\t\t\t\t\t\t\t\t<p class=\"elementor-icon-box-description\">Miejskie Przedszkole nr 9<br>\u201eWeso\u0142e Nutki\u201d<\/p>\n\t\t\t\t\t\t\t<\/div>\n\t\t<\/div>\n\t\t\t\t<\/div>\n\t\t\t\t<\/div>\n\t\t\t\t\t\t<\/div>\n\t\t\t\t\t<\/div>\n\t\t<\/div>\n\t\t\t\t<div class=\"make-column-clickable-elementor elementor-column elementor-col-33 elementor-top-column elementor-element elementor-element-7aa98a8\" style=\"cursor: pointer;\" data-column-clickable=\"https:\/\/mp30.pl\/nabor\/\" data-column-clickable-blank=\"_blank\" data-id=\"7aa98a8\" data-element_type=\"column\">\n\t\t\t<div class=\"elementor-column-wrap elementor-element-populated\">\n\t\t\t\t\t\t\t<div class=\"elementor-widget-wrap\">\n\t\t\t\t\t\t<div class=\"elementor-element elementor-element-790472f elementor-view-default elementor-position-top elementor-vertical-align-top elementor-invisible elementor-widget elementor-widget-icon-box\" data-id=\"790472f\" data-element_type=\"widget\" data-settings=\"{&quot;_animation&quot;:&quot;fadeInDown&quot;}\" data-widget_type=\"icon-box.default\">\n\t\t\t\t<div class=\"elementor-widget-container\">\n\t\t\t\t\t<div class=\"elementor-icon-box-wrapper\">\n\t\t\t\t\t\t<div class=\"elementor-icon-box-icon\">\n\t\t\t\t<span class=\"elementor-icon elementor-animation-grow\" >\n\t\t\t\t<svg xmlns=\"http:\/\/www.w3.org\/2000\/svg\" xmlns:xlink=\"http:\/\/www.w3.org\/1999\/xlink\" id=\"Warstwa_1\" x=\"0px\" y=\"0px\" viewBox=\"0 0 512 512\" style=\"enable-background:new 0 0 512 512;\" xml:space=\"preserve\">\n<style type=\"text\/css\">\n\t.st0{fill:#FFFFFF;}\n<\/style>\n<g transform=\"translate(0.000000,512.000000) scale(0.100000,-0.100000)\">\n\t<path class=\"st0\" d=\"M487,4325c-74-26-117-87-117-165c0-54,20-91,74-135c24-20,49-50,55-67c8-22,11-430,11-1340   c0-1108,2-1314,14-1343c21-50,59-65,165-65h89l7,63c24,229,148,438,333,561c408,270,961,84,1122-377c15-43,19-48,25-32   c36,94,57,139,87,186c100,154,245,263,428,320c62,20,97,24,205,24c150,0,224-18,360-88c94-49,229-177,284-270   c100-170,133-404,81-577c-5-19-10-38-10-42c0-5,203-8,451-8h451l30,31c29,28,30,33,25,87c-4,37-44,159-111,341   c-59,156-106,289-106,295s30,40,66,76c196,194,282,488,225,765c-45,218-155,401-305,506c-94,66-170,89-298,89h-100l4,108l5,107   l69,139l69,139l3,142c3,116,1,148-12,174c-31,59-42,61-391,61h-315l-37-34l-38-34l-3-109c-5-150,7-206,83-362l65-133v-99v-99h-430   h-430v374c0,205,3,388,6,406c5,21,27,51,67,90c59,56,61,60,65,117c6,87-37,155-117,182C2637,4347,538,4344,487,4325z M1191,3887   c70-47,69-36,69-577c0-535,1-527-63-574c-25-18-43-21-141-21c-125,0-151,9-186,68c-19,31-20,54-20,527c0,461,1,498,18,529   c30,56,71,71,188,71C1144,3910,1161,3907,1191,3887z M2173,3896c39-16,82-61,96-99c15-39,15-935,0-974c-15-40-48-73-94-94   c-36-17-68-19-300-18c-322,0-352,8-396,104c-17,37-19,75-19,493c0,487,1,494,53,551c44,47,64,50,355,51   C2078,3910,2148,3907,2173,3896z\"><\/path>\n\t<path class=\"st0\" d=\"M1433,1779c-213-36-402-211-458-425c-19-75-19-213,0-288c24-91,83-194,150-262c231-231,598-227,821,8   c219,231,219,565,0,796C1814,1747,1623,1811,1433,1779z M1597,1415c84-25,153-117,153-205s-69-180-154-205c-67-20-125-11-184,29   c-171,116-91,381,119,395C1539,1430,1569,1423,1597,1415z\"><\/path>\n\t<path class=\"st0\" d=\"M2875,1775c-208-45-363-180-437-381c-32-86-32-282,0-368c102-276,377-437,653-382c190,39,340,157,419,331   c152,334-50,725-412,799C3007,1793,2956,1793,2875,1775z M3035,1419c63-17,112-56,140-112c33-68,33-127-1-196   c-78-156-301-155-379,2c-33,67-33,127,0,193c28,56,69,91,129,110C2976,1432,2986,1432,3035,1419z\"><\/path>\n<\/g>\n<\/svg>\t\t\t\t<\/span>\n\t\t\t<\/div>\n\t\t\t\t\t\t<div class=\"elementor-icon-box-content\">\n\t\t\t\t<h3 class=\"elementor-icon-box-title\">\n\t\t\t\t\t<span >Miejskie Przedszkole nr 30<\/span>\n\t\t\t\t<\/h3>\n\t\t\t\t\t\t\t\t<p class=\"elementor-icon-box-description\">Miejskie Przedszkole nr 30<br>\nz Oddzia\u0142ami Integracyjnymi<br>\u201eLokomotywa\u201d<\/p>\n\t\t\t\t\t\t\t<\/div>\n\t\t<\/div>\n\t\t\t\t<\/div>\n\t\t\t\t<\/div>\n\t\t\t\t\t\t<\/div>\n\t\t\t\t\t<\/div>\n\t\t<\/div>\n\t\t\t\t<div class=\"make-column-clickable-elementor elementor-column elementor-col-33 elementor-top-column elementor-element elementor-element-2367fd7\" style=\"cursor: pointer;\" data-column-clickable=\"https:\/\/sp17.pl\/?page_id=393\" data-column-clickable-blank=\"_self\" data-id=\"2367fd7\" data-element_type=\"column\">\n\t\t\t<div class=\"elementor-column-wrap elementor-element-populated\">\n\t\t\t\t\t\t\t<div class=\"elementor-widget-wrap\">\n\t\t\t\t\t\t<div class=\"elementor-element elementor-element-237d397 elementor-view-default elementor-position-top elementor-vertical-align-top elementor-invisible elementor-widget elementor-widget-icon-box\" data-id=\"237d397\" data-element_type=\"widget\" data-settings=\"{&quot;_animation&quot;:&quot;fadeInDown&quot;}\" data-widget_type=\"icon-box.default\">\n\t\t\t\t<div class=\"elementor-widget-container\">\n\t\t\t\t\t<div class=\"elementor-icon-box-wrapper\">\n\t\t\t\t\t\t<div class=\"elementor-icon-box-icon\">\n\t\t\t\t<span class=\"elementor-icon elementor-animation-grow\" >\n\t\t\t\t<svg xmlns=\"http:\/\/www.w3.org\/2000\/svg\" xmlns:xlink=\"http:\/\/www.w3.org\/1999\/xlink\" id=\"Warstwa_1\" x=\"0px\" y=\"0px\" viewBox=\"0 0 512 512\" style=\"enable-background:new 0 0 512 512;\" xml:space=\"preserve\">\n<style type=\"text\/css\">\n\t.st0{fill:#FFFFFF;}\n<\/style>\n<g transform=\"translate(0.000000,512.000000) scale(0.100000,-0.100000)\">\n\t<path class=\"st0\" d=\"M765,4514c-5-1-22-5-37-8c-41-9-95-61-113-109c-14-38-15-183-13-1459l3-1416l31-39c55-68,79-76,250-84   c177-9,226-14,389-40c440-72,821-252,1098-518l47-45v1439c0,792-4,1457-9,1478c-24,102-259,362-431,477c-255,169-581,279-920,309   C931,4511,780,4518,765,4514z\"><\/path>\n\t<path class=\"st0\" d=\"M4185,4510c-420-25-755-128-1045-321c-172-113-407-374-431-476c-5-21-9-686-9-1477V797l53,49   c285,268,653,441,1092,513c163,26,212,31,389,40c171,8,195,16,250,84l31,39l3,1411c2,985,0,1423-8,1449c-12,44-52,93-89,112   C4381,4515,4327,4518,4185,4510z\"><\/path>\n\t<path class=\"st0\" d=\"M105,3861c-48-22-69-44-90-94C2,3735,0,3559,0,2245C0,631-3,722,53,662c54-59,113-66,269-33   c597,125,1225,142,1703,46c65-13,121-23,123-21c6,7-95,90-178,145c-207,138-474,236-783,287c-48,8-183,20-300,28   c-130,9-228,20-254,30c-140,50-250,165-293,305c-19,61-20,99-20,1247v1184h-87C169,3880,134,3874,105,3861z\"><\/path>\n\t<path class=\"st0\" d=\"M4800,2696c0-1148-1-1186-20-1247c-43-140-153-255-293-305c-26-10-122-21-252-30c-115-7-241-18-280-24   c-310-48-597-152-805-291c-82-55-184-138-178-145c2-2,58,8,123,21c478,96,1106,79,1703-46c156-33,215-26,269,33   c56,60,53-31,53,1585c0,1422-1,1490-19,1528c-36,78-91,105-216,105h-85V2696z\"><\/path>\n<\/g>\n<\/svg>\t\t\t\t<\/span>\n\t\t\t<\/div>\n\t\t\t\t\t\t<div class=\"elementor-icon-box-content\">\n\t\t\t\t<h3 class=\"elementor-icon-box-title\">\n\t\t\t\t\t<span >Szko\u0142a Podstawowa nr 17<\/span>\n\t\t\t\t<\/h3>\n\t\t\t\t\t\t\t\t<p class=\"elementor-icon-box-description\">Szko\u0142a Podstawowa nr 17<br>\nim. gen. W\u0142adys\u0142awa Sikorskiego<br>w Zielonej G\u00f3rze<\/p>\n\t\t\t\t\t\t\t<\/div>\n\t\t<\/div>\n\t\t\t\t<\/div>\n\t\t\t\t<\/div>\n\t\t\t\t\t\t<\/div>\n\t\t\t\t\t<\/div>\n\t\t<\/div>\n\t\t\t\t\t\t\t\t<\/div>\n\t\t\t\t\t<\/div>\n\t\t<\/section>\n\t\t\t\t\t\t<\/div>\n\t\t\t\t\t\t<\/div>\n\t\t\t\t\t<\/div>\n\t\t","protected":false},"excerpt":{"rendered":"<p>NAB\u00d3R Miejskie Przedszkole nr 9 Miejskie Przedszkole nr 9\u201eWeso\u0142e Nutki\u201d Miejskie Przedszkole nr 30 Miejskie Przedszkole nr 30 z Oddzia\u0142ami Integracyjnymi\u201eLokomotywa\u201d Szko\u0142a Podstawowa nr 17 Szko\u0142a Podstawowa nr 17 im. gen. W\u0142adys\u0142awa Sikorskiegow Zielonej G\u00f3rze<\/p>\n","protected":false},"author":1,"featured_media":0,"parent":0,"menu_order":0,"comment_status":"closed","ping_status":"closed","template":"","meta":{"ngg_post_thumbnail":0,"site-sidebar-layout":"no-sidebar","site-content-layout":"","ast-site-content-layout":"full-width-container","site-content-style":"default","site-sidebar-style":"default","ast-global-header-display":"","ast-banner-title-visibility":"","ast-main-header-display":"","ast-hfb-above-header-display":"","ast-hfb-below-header-display":"","ast-hfb-mobile-header-display":"","site-post-title":"disabled","ast-breadcrumbs-content":"","ast-featured-img":"disabled","footer-sml-layout":"","theme-transparent-header-meta":"","adv-header-id-meta":"","stick-header-meta":"","header-above-stick-meta":"","header-main-stick-meta":"","header-below-stick-meta":"","astra-migrate-meta-layouts":"default","ast-page-background-enabled":"default","ast-page-background-meta":{"desktop":{"background-color":"var(--ast-global-color-4)","background-image":"","background-repeat":"repeat","background-position":"center center","background-size":"auto","background-attachment":"scroll","background-type":"","background-media":"","overlay-type":"","overlay-color":"","overlay-gradient":""},"tablet":{"background-color":"","background-image":"","background-repeat":"repeat","background-position":"center center","background-size":"auto","background-attachment":"scroll","background-type":"","background-media":"","overlay-type":"","overlay-color":"","overlay-gradient":""},"mobile":{"background-color":"","background-image":"","background-repeat":"repeat","background-position":"center center","background-size":"auto","background-attachment":"scroll","background-type":"","background-media":"","overlay-type":"","overlay-color":"","overlay-gradient":""}},"ast-content-background-meta":{"desktop":{"background-color":"var(--ast-global-color-5)","background-image":"","background-repeat":"repeat","background-position":"center center","background-size":"auto","background-attachment":"scroll","background-type":"","background-media":"","overlay-type":"","overlay-color":"","overlay-gradient":""},"tablet":{"background-color":"var(--ast-global-color-5)","background-image":"","background-repeat":"repeat","background-position":"center center","background-size":"auto","background-attachment":"scroll","background-type":"","background-media":"","overlay-type":"","overlay-color":"","overlay-gradient":""},"mobile":{"background-color":"var(--ast-global-color-5)","background-image":"","background-repeat":"repeat","background-position":"center center","background-size":"auto","background-attachment":"scroll","background-type":"","background-media":"","overlay-type":"","overlay-color":"","overlay-gradient":""}},"footnotes":""},"_links":{"self":[{"href":"https:\/\/sp17.pl\/index.php?rest_route=\/wp\/v2\/pages\/9915"}],"collection":[{"href":"https:\/\/sp17.pl\/index.php?rest_route=\/wp\/v2\/pages"}],"about":[{"href":"https:\/\/sp17.pl\/index.php?rest_route=\/wp\/v2\/types\/page"}],"author":[{"embeddable":true,"href":"https:\/\/sp17.pl\/index.php?rest_route=\/wp\/v2\/users\/1"}],"replies":[{"embeddable":true,"href":"https:\/\/sp17.pl\/index.php?rest_route=%2Fwp%2Fv2%2Fcomments&post=9915"}],"version-history":[{"count":26,"href":"https:\/\/sp17.pl\/index.php?rest_route=\/wp\/v2\/pages\/9915\/revisions"}],"predecessor-version":[{"id":12314,"href":"https:\/\/sp17.pl\/index.php?rest_route=\/wp\/v2\/pages\/9915\/revisions\/12314"}],"wp:attachment":[{"href":"https:\/\/sp17.pl\/index.php?rest_route=%2Fwp%2Fv2%2Fmedia&parent=9915"}],"curies":[{"name":"wp","href":"https:\/\/api.w.org\/{rel}","templated":true}]}}